{"id":2117,"date":"2016-11-28T18:16:29","date_gmt":"2016-11-28T18:16:29","guid":{"rendered":"http:\/\/www.itsa.es\/fr\/?page_id=2117"},"modified":"2023-06-30T08:21:39","modified_gmt":"2023-06-30T08:21:39","slug":"produits-urbains","status":"publish","type":"page","link":"https:\/\/www.itsa.es\/fr\/secteurs\/produits-urbains\/","title":{"rendered":"Produits Urbains"},"content":{"rendered":"<h1>Votre partenaire dans la signalisation routi\u00e8re<\/h1>\n<a href=\"http:\/\/www.itsa.es\/wp-content\/uploads\/2016\/08\/03_urban_products.jpg\"><img loading=\"lazy\" decoding=\"async\" class=\"alignnone wp-image-371 size-medium\" src=\"http:\/\/www.itsa.es\/wp-content\/uploads\/2016\/08\/03_urban_products-780x440.jpg\" width=\"780\" height=\"440\" srcset=\"https:\/\/www.itsa.es\/wp-content\/uploads\/2016\/08\/03_urban_products.jpg 780w, https:\/\/www.itsa.es\/wp-content\/uploads\/2016\/08\/03_urban_products-768x433.jpg 768w\" sizes=\"auto, (max-width: 780px) 100vw, 780px\" \/><\/a>\n<p>ITSA d\u00e9veloppe sa gamme de produits et services signes routiers gr\u00e2ce \u00e0 l&#8217;exp\u00e9rience acquise dans les secteurs de pointe tels que le rail et l&#8217;automobile.<\/p>\n<p>Evolution de la gamme:<\/p>\n<ul class=\"evolution\">\n<li><span class=\"year\">2007<\/span> Barri\u00e8re Cargo: Premi\u00e8re barri\u00e8re New Jersey amovible qui est fabriqu\u00e9e en injection<\/li>\n<li><span class=\"year\">2008<\/span> Conception et fabrication Barri\u00e8re Y-Concept<\/li>\n<li><span class=\"year\">2009<\/span> Salon Construmat, Barcelone: Pr\u00e9sentation des barri\u00e8res Cargo et Y-Concept<\/li>\n<li><span class=\"year\">2010<\/span> D\u00e9veloppement de LED Bollard ITSA<\/li>\n<li><span class=\"year\">2010<\/span> Salon Intertraffic, Amsterdam: Pr\u00e9sentation de la gamme de la signalisation lumineuse<\/li>\n<li><span class=\"year\">2011<\/span> Lancement gamme des Couvertures de Tranch\u00e9e<\/li>\n<li><span class=\"year\">2015<\/span> Lancement web e-commerce www.urban.itsa.es<\/li>\n<\/ul>\n<hr \/>\n<div id=\"urban-products\"><\/div>\n<h2>Produits<\/h2>\n<p>ITSA Produits urbains con\u00e7oit et fabrique des composants sp\u00e9cifiques pour le secteur de la signalisation urbaine.<\/p>\n<p>Nos produits comprennent les cat\u00e9gories suivantes:<\/p>\n<ul>\n<li>Luminaires<\/li>\n<li>Balisage<\/li>\n<li>Caoutchouc<\/li>\n<li>Miroirs<\/li>\n<li>Les signaux<\/li>\n<\/ul>\n<hr \/>\n<div id=\"urban-services\"><\/div>\n<h2>Services<\/h2>\n<p>Enti\u00e8rement orient\u00e9s \u00e0 nos clients, nous offrons un produit de qualit\u00e9, une attention personnalis\u00e9e et des livraisons rapides et efficaces.<\/p>\n<ul>\n<li><strong>Personalisation de produit:\u00a0<\/strong><br \/>\nService s\u00e9rigraphie, l&#8217;\u00e9tiquetage, la personnalisation de la couleur dans divers produits<\/li>\n<li><strong>Logistique:<\/strong><br \/>\nLivraison standard dans les 48 heures suivant la r\u00e9ception de la commande et possibilit\u00e9 de livraison express<\/li>\n<li><strong>Disponibilit\u00e9:<\/strong><br \/>\nStock permanent des produits plus demand\u00e9s<\/li>\n<li><strong>Qualit\u00e9 et service apr\u00e9s-vente:<\/strong><br \/>\nProduits garantis, certifi\u00e9s et fabriqu\u00e9s conform\u00e9ment \u00e0 la r\u00e9glementation de l&#8217;UE<\/li>\n<\/ul>\n<hr \/>\n<div id=\"urban-online\"><\/div>\n<h2>Catalogue en ligne<\/h2>\n<p>ITSA a d\u00e9velopp\u00e9 un catalogue en ligne dont vous trouverez rapidement et avec souplesse toutes les informations techniques sur notre gamme compl\u00e8te de produits. ITSA ne cesse de travailler pour offrir \u00e0 ses clients des solutions commerciales les plus innovantes et modernes.<\/p>\n<p>Notre \u00e9quipe web fournit les meilleurs soins et services de votre demande initiale \u00e0 la livraison de vos produits. Connaissez nos nouveaux produits et services!<\/p>\n<p>&nbsp;<\/p>\n<p><a class=\"btn\" href=\"http:\/\/www.urban.itsa.es\/fr\/index.php\" target=\"_blank\">Aller au catalogue en ligne!<\/a><\/p>\n","protected":false},"excerpt":{"rendered":"<p>Votre partenaire dans la signalisation routi\u00e8re ITSA d\u00e9veloppe sa gamme de produits et services signes routiers gr\u00e2ce \u00e0 l&#8217;exp\u00e9rience acquise dans les secteurs de pointe tels que le rail et l&#8217;automobile. Evolution de la gamme: 2007 Barri\u00e8re Cargo: Premi\u00e8re barri\u00e8re New Jersey amovible qui est fabriqu\u00e9e en injection 2008 Conception et fabrication Barri\u00e8re Y-Concept 2009&#8230;  <a class=\"excerpt-read-more\" href=\"https:\/\/www.itsa.es\/fr\/secteurs\/produits-urbains\/\" title=\"LireProduits Urbains\">Lire la suite &raquo;<\/a><\/p>\n","protected":false},"author":1,"featured_media":0,"parent":2054,"menu_order":187,"comment_status":"closed","ping_status":"closed","template":"page-sectors.php","meta":{"_monsterinsights_skip_tracking":false,"_monsterinsights_sitenote_active":false,"_monsterinsights_sitenote_note":"","_monsterinsights_sitenote_category":0,"footnotes":""},"class_list":["post-2117","page","type-page","status-publish","hentry"],"_links":{"self":[{"href":"https:\/\/www.itsa.es\/fr\/wp-json\/wp\/v2\/pages\/2117","targetHints":{"allow":["GET"]}}],"collection":[{"href":"https:\/\/www.itsa.es\/fr\/wp-json\/wp\/v2\/pages"}],"about":[{"href":"https:\/\/www.itsa.es\/fr\/wp-json\/wp\/v2\/types\/page"}],"author":[{"embeddable":true,"href":"https:\/\/www.itsa.es\/fr\/wp-json\/wp\/v2\/users\/1"}],"replies":[{"embeddable":true,"href":"https:\/\/www.itsa.es\/fr\/wp-json\/wp\/v2\/comments?post=2117"}],"version-history":[{"count":3,"href":"https:\/\/www.itsa.es\/fr\/wp-json\/wp\/v2\/pages\/2117\/revisions"}],"predecessor-version":[{"id":4369,"href":"https:\/\/www.itsa.es\/fr\/wp-json\/wp\/v2\/pages\/2117\/revisions\/4369"}],"up":[{"embeddable":true,"href":"https:\/\/www.itsa.es\/fr\/wp-json\/wp\/v2\/pages\/2054"}],"wp:attachment":[{"href":"https:\/\/www.itsa.es\/fr\/wp-json\/wp\/v2\/media?parent=2117"}],"curies":[{"name":"wp","href":"https:\/\/api.w.org\/{rel}","templated":true}]}}