{"id":2120,"date":"2016-11-29T07:40:13","date_gmt":"2016-11-29T07:40:13","guid":{"rendered":"http:\/\/www.itsa.es\/fr\/?page_id=2120"},"modified":"2018-07-06T12:44:19","modified_gmt":"2018-07-06T12:44:19","slug":"autres-industries","status":"publish","type":"page","link":"https:\/\/www.itsa.es\/fr\/secteurs\/autres-industries\/","title":{"rendered":"Autres Industries"},"content":{"rendered":"<h1>Solutions globales adapt\u00e9es \u00e0 tous les secteurs<\/h1>\n<a href=\"http:\/\/www.itsa.es\/wp-content\/uploads\/2016\/08\/04_other_industries.jpeg\"><img loading=\"lazy\" decoding=\"async\" class=\"alignnone size-medium wp-image-3290\" src=\"http:\/\/www.itsa.es\/wp-content\/uploads\/2016\/08\/ITSA-Other-industries-780x520.jpg\" alt=\"ITSA - Other industries\" width=\"780\" height=\"520\" srcset=\"https:\/\/www.itsa.es\/wp-content\/uploads\/2016\/08\/ITSA-Other-industries-780x520.jpg 780w, https:\/\/www.itsa.es\/wp-content\/uploads\/2016\/08\/ITSA-Other-industries-768x512.jpg 768w, https:\/\/www.itsa.es\/wp-content\/uploads\/2016\/08\/ITSA-Other-industries-915x610.jpg 915w\" sizes=\"auto, (max-width: 780px) 100vw, 780px\" \/><\/a>\n<p>ITSA d\u00e9veloppe la conception des projets globaux et la fabrication de produits techniques thermoplastiques et thermodurcissables.<\/p>\n<p>Nous fournissons notre savoir-faire et de l&#8217;exp\u00e9rience dans toutes les phases du projet, en m\u00eame temps, garantir la qualit\u00e9 et la flexibilit\u00e9 du produit et de service, gr\u00e2ce \u00e0 notre exp\u00e9rience dans le d\u00e9veloppement de projets int\u00e9gr\u00e9s pour d&#8217;autres secteurs d&#8217;activit\u00e9.<\/p>\n<hr \/>\n<div id=\"other-products\"><\/div>\n<h2>Produits<\/h2>\n<p>Parmi les projets qui sont d\u00e9j\u00e0 d\u00e9velopp\u00e9s ressortent les pare-chocs, garnitures int\u00e9rieures, etc. pour l&#8217;industrie automobile, les installations techniques pour piscines, mobilier domestique et urbain et armoires \u00e9lectriques, panneaux photovolta\u00efques, etc.<\/p>\n<hr \/>\n<div id=\"other-services\"><\/div>\n<h2>Services<\/h2>\n<p>ITSA offre des services d\u2019externalisation en la conception, l&#8217;ing\u00e9nierie et la fabrication de pi\u00e8ces techniques en plastique \u00e0 d&#8217;autres soci\u00e9t\u00e9s. Nous travaillons \u00e9galement comme un soutien \u00e0 d&#8217;autres fabricants pour le traitement des mati\u00e8res plastiques, des composites et des finitions de peinture, offrant la capacit\u00e9 disponible de nos machines.<\/p>\n<ul>\n<li>Conception et de l&#8217;ing\u00e9nierie de produit<\/li>\n<li>Conception et fabrication de moules<\/li>\n<li>Fabrication de pi\u00e8ces<\/li>\n<li>Peinture et assemblage de composants<\/li>\n<li>Livraison du produit fini<\/li>\n<\/ul>\n","protected":false},"excerpt":{"rendered":"<p>Solutions globales adapt\u00e9es \u00e0 tous les secteurs ITSA d\u00e9veloppe la conception des projets globaux et la fabrication de produits techniques thermoplastiques et thermodurcissables. Nous fournissons notre savoir-faire et de l&#8217;exp\u00e9rience dans toutes les phases du projet, en m\u00eame temps, garantir la qualit\u00e9 et la flexibilit\u00e9 du produit et de service, gr\u00e2ce \u00e0 notre exp\u00e9rience dans&#8230;  <a class=\"excerpt-read-more\" href=\"https:\/\/www.itsa.es\/fr\/secteurs\/autres-industries\/\" title=\"LireAutres Industries\">Lire la suite &raquo;<\/a><\/p>\n","protected":false},"author":1,"featured_media":0,"parent":2054,"menu_order":123,"comment_status":"closed","ping_status":"closed","template":"page-sectors.php","meta":{"_monsterinsights_skip_tracking":false,"_monsterinsights_sitenote_active":false,"_monsterinsights_sitenote_note":"","_monsterinsights_sitenote_category":0,"footnotes":""},"class_list":["post-2120","page","type-page","status-publish","hentry"],"_links":{"self":[{"href":"https:\/\/www.itsa.es\/fr\/wp-json\/wp\/v2\/pages\/2120","targetHints":{"allow":["GET"]}}],"collection":[{"href":"https:\/\/www.itsa.es\/fr\/wp-json\/wp\/v2\/pages"}],"about":[{"href":"https:\/\/www.itsa.es\/fr\/wp-json\/wp\/v2\/types\/page"}],"author":[{"embeddable":true,"href":"https:\/\/www.itsa.es\/fr\/wp-json\/wp\/v2\/users\/1"}],"replies":[{"embeddable":true,"href":"https:\/\/www.itsa.es\/fr\/wp-json\/wp\/v2\/comments?post=2120"}],"version-history":[{"count":2,"href":"https:\/\/www.itsa.es\/fr\/wp-json\/wp\/v2\/pages\/2120\/revisions"}],"predecessor-version":[{"id":3299,"href":"https:\/\/www.itsa.es\/fr\/wp-json\/wp\/v2\/pages\/2120\/revisions\/3299"}],"up":[{"embeddable":true,"href":"https:\/\/www.itsa.es\/fr\/wp-json\/wp\/v2\/pages\/2054"}],"wp:attachment":[{"href":"https:\/\/www.itsa.es\/fr\/wp-json\/wp\/v2\/media?parent=2120"}],"curies":[{"name":"wp","href":"https:\/\/api.w.org\/{rel}","templated":true}]}}