{"id":2138,"date":"2016-11-29T07:46:12","date_gmt":"2016-11-29T07:46:12","guid":{"rendered":"http:\/\/www.itsa.es\/fr\/?page_id=2138"},"modified":"2016-11-29T07:46:12","modified_gmt":"2016-11-29T07:46:12","slug":"production","status":"publish","type":"page","link":"https:\/\/www.itsa.es\/fr\/production\/","title":{"rendered":"Production"},"content":{"rendered":"<h1>Combiner avec succ\u00e8s la capacit\u00e9 multi-technologie et de fabrication de haute performance, avec des processus efficaces et flexibles &#8230; sous un m\u00eame toit<\/h1>\n<pre>En ITSA nous avons un complet parc technologique de machines de moyenne et haute tonnage pour la compression des thermodurcissables et injection thermoplastique, qui garantissent la fabrication de haute performance, une grande flexibilit\u00e9, ma\u00eetrise des co\u00fbts et une qualit\u00e9 optimale du produit final.\r\n\r\nNous offrons \u00e9galement un large \u00e9ventail de possibilit\u00e9s de pi\u00e8ces finies allant de la peinture et de l'usinage \u00e0 l'assemblage de syst\u00e8mes complets pour la livraison des produits cl\u00e9s en main.\r\n<\/pre>\n","protected":false},"excerpt":{"rendered":"<p>Combiner avec succ\u00e8s la capacit\u00e9 multi-technologie et de fabrication de haute performance, avec des processus efficaces et flexibles &#8230; sous un m\u00eame toit En ITSA nous avons un complet parc technologique de machines de moyenne et haute tonnage pour la compression des thermodurcissables et injection thermoplastique, qui garantissent la fabrication de haute performance, une grande&#8230;  <a class=\"excerpt-read-more\" href=\"https:\/\/www.itsa.es\/fr\/production\/\" title=\"LireProduction\">Lire la suite &raquo;<\/a><\/p>\n","protected":false},"author":1,"featured_media":0,"parent":0,"menu_order":147,"comment_status":"closed","ping_status":"closed","template":"page-production.php","meta":{"_monsterinsights_skip_tracking":false,"_monsterinsights_sitenote_active":false,"_monsterinsights_sitenote_note":"","_monsterinsights_sitenote_category":0,"footnotes":""},"class_list":["post-2138","page","type-page","status-publish","hentry"],"_links":{"self":[{"href":"https:\/\/www.itsa.es\/fr\/wp-json\/wp\/v2\/pages\/2138","targetHints":{"allow":["GET"]}}],"collection":[{"href":"https:\/\/www.itsa.es\/fr\/wp-json\/wp\/v2\/pages"}],"about":[{"href":"https:\/\/www.itsa.es\/fr\/wp-json\/wp\/v2\/types\/page"}],"author":[{"embeddable":true,"href":"https:\/\/www.itsa.es\/fr\/wp-json\/wp\/v2\/users\/1"}],"replies":[{"embeddable":true,"href":"https:\/\/www.itsa.es\/fr\/wp-json\/wp\/v2\/comments?post=2138"}],"version-history":[{"count":1,"href":"https:\/\/www.itsa.es\/fr\/wp-json\/wp\/v2\/pages\/2138\/revisions"}],"predecessor-version":[{"id":2139,"href":"https:\/\/www.itsa.es\/fr\/wp-json\/wp\/v2\/pages\/2138\/revisions\/2139"}],"wp:attachment":[{"href":"https:\/\/www.itsa.es\/fr\/wp-json\/wp\/v2\/media?parent=2138"}],"curies":[{"name":"wp","href":"https:\/\/api.w.org\/{rel}","templated":true}]}}