{"id":2149,"date":"2016-11-29T07:47:21","date_gmt":"2016-11-29T07:47:21","guid":{"rendered":"http:\/\/www.itsa.es\/fr\/?page_id=2149"},"modified":"2016-11-29T07:47:21","modified_gmt":"2016-11-29T07:47:21","slug":"injection-de-plastique","status":"publish","type":"page","link":"https:\/\/www.itsa.es\/fr\/production\/injection-de-plastique\/","title":{"rendered":"Injection de plastique"},"content":{"rendered":"<h1>Machines de moulage par injection de 650 \u00e0 2300 tonnes.<\/h1>\n<a href=\"http:\/\/www.itsa.es\/wp-content\/uploads\/2016\/08\/01_injection.jpg\"><img loading=\"lazy\" decoding=\"async\" class=\"alignnone wp-image-379 size-medium\" src=\"http:\/\/www.itsa.es\/wp-content\/uploads\/2016\/08\/01_injection-780x440.jpg\" width=\"780\" height=\"440\" srcset=\"https:\/\/www.itsa.es\/wp-content\/uploads\/2016\/08\/01_injection.jpg 780w, https:\/\/www.itsa.es\/wp-content\/uploads\/2016\/08\/01_injection-768x433.jpg 768w\" sizes=\"auto, (max-width: 780px) 100vw, 780px\" \/><\/a>\n<p>Nous avons une grande vari\u00e9t\u00e9 d&#8217;injecteurs \u00e9quip\u00e9s avec r\u00e9gulateurs de temp\u00e9rature qui nous permettent de travailler sur diff\u00e9rentes normes techniques et des mat\u00e9riaux (PP, ABS, PC, PC-ABS, PA).<\/p>\n","protected":false},"excerpt":{"rendered":"<p>Machines de moulage par injection de 650 \u00e0 2300 tonnes. Nous avons une grande vari\u00e9t\u00e9 d&#8217;injecteurs \u00e9quip\u00e9s avec r\u00e9gulateurs de temp\u00e9rature qui nous permettent de travailler sur diff\u00e9rentes normes techniques et des mat\u00e9riaux (PP, ABS, PC, PC-ABS, PA).<\/p>\n","protected":false},"author":1,"featured_media":0,"parent":2138,"menu_order":101,"comment_status":"closed","ping_status":"closed","template":"page-production.php","meta":{"_monsterinsights_skip_tracking":false,"_monsterinsights_sitenote_active":false,"_monsterinsights_sitenote_note":"","_monsterinsights_sitenote_category":0,"footnotes":""},"class_list":["post-2149","page","type-page","status-publish","hentry"],"_links":{"self":[{"href":"https:\/\/www.itsa.es\/fr\/wp-json\/wp\/v2\/pages\/2149","targetHints":{"allow":["GET"]}}],"collection":[{"href":"https:\/\/www.itsa.es\/fr\/wp-json\/wp\/v2\/pages"}],"about":[{"href":"https:\/\/www.itsa.es\/fr\/wp-json\/wp\/v2\/types\/page"}],"author":[{"embeddable":true,"href":"https:\/\/www.itsa.es\/fr\/wp-json\/wp\/v2\/users\/1"}],"replies":[{"embeddable":true,"href":"https:\/\/www.itsa.es\/fr\/wp-json\/wp\/v2\/comments?post=2149"}],"version-history":[{"count":1,"href":"https:\/\/www.itsa.es\/fr\/wp-json\/wp\/v2\/pages\/2149\/revisions"}],"predecessor-version":[{"id":2150,"href":"https:\/\/www.itsa.es\/fr\/wp-json\/wp\/v2\/pages\/2149\/revisions\/2150"}],"up":[{"embeddable":true,"href":"https:\/\/www.itsa.es\/fr\/wp-json\/wp\/v2\/pages\/2138"}],"wp:attachment":[{"href":"https:\/\/www.itsa.es\/fr\/wp-json\/wp\/v2\/media?parent=2149"}],"curies":[{"name":"wp","href":"https:\/\/api.w.org\/{rel}","templated":true}]}}