{"id":2152,"date":"2016-11-29T07:48:21","date_gmt":"2016-11-29T07:48:21","guid":{"rendered":"http:\/\/www.itsa.es\/fr\/?page_id=2152"},"modified":"2016-11-29T07:48:21","modified_gmt":"2016-11-29T07:48:21","slug":"smc","status":"publish","type":"page","link":"https:\/\/www.itsa.es\/fr\/production\/smc\/","title":{"rendered":"SMC"},"content":{"rendered":"<h1>Presses de 200 \u00e0 2000 tonnes.<\/h1>\n<a href=\"http:\/\/www.itsa.es\/wp-content\/uploads\/2016\/08\/02_smc.jpg\"><img loading=\"lazy\" decoding=\"async\" class=\"alignnone wp-image-381 size-medium\" src=\"http:\/\/www.itsa.es\/wp-content\/uploads\/2016\/08\/02_smc-780x440.jpg\" width=\"780\" height=\"440\" srcset=\"https:\/\/www.itsa.es\/wp-content\/uploads\/2016\/08\/02_smc.jpg 780w, https:\/\/www.itsa.es\/wp-content\/uploads\/2016\/08\/02_smc-768x433.jpg 768w\" sizes=\"auto, (max-width: 780px) 100vw, 780px\" \/><\/a>\n<p>Fabrication avec des \u00e9quipements de contr\u00f4le automatique de la temp\u00e9rature et de contr\u00f4le parall\u00e8le des pi\u00e8ces pour assurer les pi\u00e8ces de haute qualit\u00e9.<\/p>\n<p>Nous transformons des mat\u00e9riaux qui r\u00e9pondent aux normes les plus \u00e9lev\u00e9es de feu et de fum\u00e9e.<\/p>\n","protected":false},"excerpt":{"rendered":"<p>Presses de 200 \u00e0 2000 tonnes. Fabrication avec des \u00e9quipements de contr\u00f4le automatique de la temp\u00e9rature et de contr\u00f4le parall\u00e8le des pi\u00e8ces pour assurer les pi\u00e8ces de haute qualit\u00e9. Nous transformons des mat\u00e9riaux qui r\u00e9pondent aux normes les plus \u00e9lev\u00e9es de feu et de fum\u00e9e.<\/p>\n","protected":false},"author":1,"featured_media":0,"parent":2138,"menu_order":180,"comment_status":"closed","ping_status":"closed","template":"page-production.php","meta":{"_monsterinsights_skip_tracking":false,"_monsterinsights_sitenote_active":false,"_monsterinsights_sitenote_note":"","_monsterinsights_sitenote_category":0,"footnotes":""},"class_list":["post-2152","page","type-page","status-publish","hentry"],"_links":{"self":[{"href":"https:\/\/www.itsa.es\/fr\/wp-json\/wp\/v2\/pages\/2152","targetHints":{"allow":["GET"]}}],"collection":[{"href":"https:\/\/www.itsa.es\/fr\/wp-json\/wp\/v2\/pages"}],"about":[{"href":"https:\/\/www.itsa.es\/fr\/wp-json\/wp\/v2\/types\/page"}],"author":[{"embeddable":true,"href":"https:\/\/www.itsa.es\/fr\/wp-json\/wp\/v2\/users\/1"}],"replies":[{"embeddable":true,"href":"https:\/\/www.itsa.es\/fr\/wp-json\/wp\/v2\/comments?post=2152"}],"version-history":[{"count":1,"href":"https:\/\/www.itsa.es\/fr\/wp-json\/wp\/v2\/pages\/2152\/revisions"}],"predecessor-version":[{"id":2153,"href":"https:\/\/www.itsa.es\/fr\/wp-json\/wp\/v2\/pages\/2152\/revisions\/2153"}],"up":[{"embeddable":true,"href":"https:\/\/www.itsa.es\/fr\/wp-json\/wp\/v2\/pages\/2138"}],"wp:attachment":[{"href":"https:\/\/www.itsa.es\/fr\/wp-json\/wp\/v2\/media?parent=2152"}],"curies":[{"name":"wp","href":"https:\/\/api.w.org\/{rel}","templated":true}]}}