{"id":2155,"date":"2016-11-29T07:49:07","date_gmt":"2016-11-29T07:49:07","guid":{"rendered":"http:\/\/www.itsa.es\/fr\/?page_id=2155"},"modified":"2016-11-29T07:49:07","modified_gmt":"2016-11-29T07:49:07","slug":"pimc","status":"publish","type":"page","link":"https:\/\/www.itsa.es\/fr\/production\/pimc\/","title":{"rendered":"PIMC"},"content":{"rendered":"<h1>L&#8217;application robotique PIMC<\/h1>\n<a href=\"http:\/\/www.itsa.es\/wp-content\/uploads\/2016\/08\/03_pimc.jpg\"><img loading=\"lazy\" decoding=\"async\" class=\"alignnone wp-image-383 size-medium\" src=\"http:\/\/www.itsa.es\/wp-content\/uploads\/2016\/08\/03_pimc-780x440.jpg\" width=\"780\" height=\"440\" srcset=\"https:\/\/www.itsa.es\/wp-content\/uploads\/2016\/08\/03_pimc.jpg 780w, https:\/\/www.itsa.es\/wp-content\/uploads\/2016\/08\/03_pimc-768x433.jpg 768w\" sizes=\"auto, (max-width: 780px) 100vw, 780px\" \/><\/a>\n<p>Application de la poudre directement dans le proc\u00e9d\u00e9 de fabrication d&#8217;une pi\u00e8ce donne une finie de la r\u00e9sistance \u00e0 la rayure sup\u00e9rieure \u00e0 celle des peintures classiques.<\/p>\n","protected":false},"excerpt":{"rendered":"<p>L&#8217;application robotique PIMC Application de la poudre directement dans le proc\u00e9d\u00e9 de fabrication d&#8217;une pi\u00e8ce donne une finie de la r\u00e9sistance \u00e0 la rayure sup\u00e9rieure \u00e0 celle des peintures classiques.<\/p>\n","protected":false},"author":1,"featured_media":0,"parent":2138,"menu_order":139,"comment_status":"closed","ping_status":"closed","template":"page-production.php","meta":{"_monsterinsights_skip_tracking":false,"_monsterinsights_sitenote_active":false,"_monsterinsights_sitenote_note":"","_monsterinsights_sitenote_category":0,"footnotes":""},"class_list":["post-2155","page","type-page","status-publish","hentry"],"_links":{"self":[{"href":"https:\/\/www.itsa.es\/fr\/wp-json\/wp\/v2\/pages\/2155","targetHints":{"allow":["GET"]}}],"collection":[{"href":"https:\/\/www.itsa.es\/fr\/wp-json\/wp\/v2\/pages"}],"about":[{"href":"https:\/\/www.itsa.es\/fr\/wp-json\/wp\/v2\/types\/page"}],"author":[{"embeddable":true,"href":"https:\/\/www.itsa.es\/fr\/wp-json\/wp\/v2\/users\/1"}],"replies":[{"embeddable":true,"href":"https:\/\/www.itsa.es\/fr\/wp-json\/wp\/v2\/comments?post=2155"}],"version-history":[{"count":1,"href":"https:\/\/www.itsa.es\/fr\/wp-json\/wp\/v2\/pages\/2155\/revisions"}],"predecessor-version":[{"id":2156,"href":"https:\/\/www.itsa.es\/fr\/wp-json\/wp\/v2\/pages\/2155\/revisions\/2156"}],"up":[{"embeddable":true,"href":"https:\/\/www.itsa.es\/fr\/wp-json\/wp\/v2\/pages\/2138"}],"wp:attachment":[{"href":"https:\/\/www.itsa.es\/fr\/wp-json\/wp\/v2\/media?parent=2155"}],"curies":[{"name":"wp","href":"https:\/\/api.w.org\/{rel}","templated":true}]}}