{"id":2167,"date":"2016-11-29T07:53:18","date_gmt":"2016-11-29T07:53:18","guid":{"rendered":"http:\/\/www.itsa.es\/fr\/?page_id=2167"},"modified":"2016-11-29T07:54:59","modified_gmt":"2016-11-29T07:54:59","slug":"encollage-et-assemblage","status":"publish","type":"page","link":"https:\/\/www.itsa.es\/fr\/production\/encollage-et-assemblage\/","title":{"rendered":"Encollage et assemblage"},"content":{"rendered":"<h1>Zone de finition<\/h1>\n<a href=\"http:\/\/www.itsa.es\/wp-content\/uploads\/2016\/08\/07_bonding_assembly.jpg\"><img loading=\"lazy\" decoding=\"async\" class=\"alignnone wp-image-391 size-medium\" src=\"http:\/\/www.itsa.es\/wp-content\/uploads\/2016\/08\/07_bonding_assembly-780x440.jpg\" width=\"780\" height=\"440\" srcset=\"https:\/\/www.itsa.es\/wp-content\/uploads\/2016\/08\/07_bonding_assembly.jpg 780w, https:\/\/www.itsa.es\/wp-content\/uploads\/2016\/08\/07_bonding_assembly-768x433.jpg 768w\" sizes=\"auto, (max-width: 780px) 100vw, 780px\" \/><\/a>\n<p>ITSA a \u00e9t\u00e9 obtenu les certifications de collage DIN 6701-2 A2 et de soudage UNE &#8211; EN 15085-2 * CL4 pour offrir pi\u00e8ces et ensembles enti\u00e8rement \u00e9quip\u00e9es et finis.<\/p>\n<p>Les travailleurs qualifi\u00e9s d\u2019ITSA ont une vaste exp\u00e9rience dans les assemblages des composants \u00e9lectriques et m\u00e9caniques, dynamiques et statiques.<\/p>\n<p>L&#8217;\u00e9quipe d&#8217;achat ITSA d\u00e9veloppe et contr\u00f4le une palette de sous-fournisseurs experts dans toutes leurs technologies.<\/p>\n","protected":false},"excerpt":{"rendered":"<p>Zone de finition ITSA a \u00e9t\u00e9 obtenu les certifications de collage DIN 6701-2 A2 et de soudage UNE &#8211; EN 15085-2 * CL4 pour offrir pi\u00e8ces et ensembles enti\u00e8rement \u00e9quip\u00e9es et finis. Les travailleurs qualifi\u00e9s d\u2019ITSA ont une vaste exp\u00e9rience dans les assemblages des composants \u00e9lectriques et m\u00e9caniques, dynamiques et statiques. L&#8217;\u00e9quipe d&#8217;achat ITSA d\u00e9veloppe&#8230;  <a class=\"excerpt-read-more\" href=\"https:\/\/www.itsa.es\/fr\/production\/encollage-et-assemblage\/\" title=\"LireEncollage et assemblage\">Lire la suite &raquo;<\/a><\/p>\n","protected":false},"author":1,"featured_media":0,"parent":2138,"menu_order":37,"comment_status":"closed","ping_status":"closed","template":"page-production.php","meta":{"_monsterinsights_skip_tracking":false,"_monsterinsights_sitenote_active":false,"_monsterinsights_sitenote_note":"","_monsterinsights_sitenote_category":0,"footnotes":""},"class_list":["post-2167","page","type-page","status-publish","hentry"],"_links":{"self":[{"href":"https:\/\/www.itsa.es\/fr\/wp-json\/wp\/v2\/pages\/2167","targetHints":{"allow":["GET"]}}],"collection":[{"href":"https:\/\/www.itsa.es\/fr\/wp-json\/wp\/v2\/pages"}],"about":[{"href":"https:\/\/www.itsa.es\/fr\/wp-json\/wp\/v2\/types\/page"}],"author":[{"embeddable":true,"href":"https:\/\/www.itsa.es\/fr\/wp-json\/wp\/v2\/users\/1"}],"replies":[{"embeddable":true,"href":"https:\/\/www.itsa.es\/fr\/wp-json\/wp\/v2\/comments?post=2167"}],"version-history":[{"count":1,"href":"https:\/\/www.itsa.es\/fr\/wp-json\/wp\/v2\/pages\/2167\/revisions"}],"predecessor-version":[{"id":2168,"href":"https:\/\/www.itsa.es\/fr\/wp-json\/wp\/v2\/pages\/2167\/revisions\/2168"}],"up":[{"embeddable":true,"href":"https:\/\/www.itsa.es\/fr\/wp-json\/wp\/v2\/pages\/2138"}],"wp:attachment":[{"href":"https:\/\/www.itsa.es\/fr\/wp-json\/wp\/v2\/media?parent=2167"}],"curies":[{"name":"wp","href":"https:\/\/api.w.org\/{rel}","templated":true}]}}