{"id":2170,"date":"2016-11-29T07:56:19","date_gmt":"2016-11-29T07:56:19","guid":{"rendered":"http:\/\/www.itsa.es\/fr\/?page_id=2170"},"modified":"2016-11-29T07:56:19","modified_gmt":"2016-11-29T07:56:19","slug":"emballage-et-livraisons","status":"publish","type":"page","link":"https:\/\/www.itsa.es\/fr\/production\/emballage-et-livraisons\/","title":{"rendered":"Emballage et livraisons"},"content":{"rendered":"<h1>Emballage et livraisons\/h1><br \/>\n<a href=\"http:\/\/www.itsa.es\/wp-content\/uploads\/2016\/08\/08_packaging_deliveries.jpg\"><img loading=\"lazy\" decoding=\"async\" class=\"alignnone wp-image-393 size-medium\" src=\"http:\/\/www.itsa.es\/wp-content\/uploads\/2016\/08\/08_packaging_deliveries-780x440.jpg\" width=\"780\" height=\"440\" srcset=\"https:\/\/www.itsa.es\/wp-content\/uploads\/2016\/08\/08_packaging_deliveries.jpg 780w, https:\/\/www.itsa.es\/wp-content\/uploads\/2016\/08\/08_packaging_deliveries-768x433.jpg 768w\" sizes=\"auto, (max-width: 780px) 100vw, 780px\" \/><\/a><\/p>\n<p>En ITSA, nous avons une vaste exp\u00e9rience dans la conception d\u2019emballages adapt\u00e9s aux besoins et sp\u00e9cifications de nos clients: retournable ou non, notre emballage est con\u00e7u pour faciliter la manipulation des produits et r\u00e9duire les co\u00fbts, tout en minimisant l&#8217;impact sur l&#8217;environnement.<\/p>\n<p>Merci \u00e0 nos activit\u00e9s d&#8217;importation et d&#8217;exportation, nous avons d\u00e9velopp\u00e9 des liens solides \u00e0 niveau national et international, ce qui nous permet de r\u00e9pondre aux besoins de nos clients en termes de livraisons de produits. Notre \u00e9quipe de vente et service client poss\u00e8de une vaste exp\u00e9rience dans la conduite des dispositions administratives et douani\u00e8res.<\/p>\n<p>De livraisons r\u00e9guli\u00e8res jusqu\u2019\u00e0 livraisons express 24h, \u00e0 partir d&#8217;une seule pi\u00e8ce \u00e0 conteneurs pleins, nous offrons \u00e0 nos clients une logistique just-in-time afin de r\u00e9duire les co\u00fbts de stockage.<\/p>\n","protected":false},"excerpt":{"rendered":"<p>Emballage et livraisons\/h1> En ITSA, nous avons une vaste exp\u00e9rience dans la conception d\u2019emballages adapt\u00e9s aux besoins et sp\u00e9cifications de nos clients: retournable ou non, notre emballage est con\u00e7u pour faciliter la manipulation des produits et r\u00e9duire les co\u00fbts, tout en minimisant l&#8217;impact sur l&#8217;environnement. Merci \u00e0 nos activit\u00e9s d&#8217;importation et d&#8217;exportation, nous avons d\u00e9velopp\u00e9&#8230;  <a class=\"excerpt-read-more\" href=\"https:\/\/www.itsa.es\/fr\/production\/emballage-et-livraisons\/\" title=\"LireEmballage et livraisons\">Lire la suite &raquo;<\/a><\/p>\n","protected":false},"author":1,"featured_media":0,"parent":2138,"menu_order":127,"comment_status":"closed","ping_status":"closed","template":"page-production.php","meta":{"_monsterinsights_skip_tracking":false,"_monsterinsights_sitenote_active":false,"_monsterinsights_sitenote_note":"","_monsterinsights_sitenote_category":0,"footnotes":""},"class_list":["post-2170","page","type-page","status-publish","hentry"],"_links":{"self":[{"href":"https:\/\/www.itsa.es\/fr\/wp-json\/wp\/v2\/pages\/2170","targetHints":{"allow":["GET"]}}],"collection":[{"href":"https:\/\/www.itsa.es\/fr\/wp-json\/wp\/v2\/pages"}],"about":[{"href":"https:\/\/www.itsa.es\/fr\/wp-json\/wp\/v2\/types\/page"}],"author":[{"embeddable":true,"href":"https:\/\/www.itsa.es\/fr\/wp-json\/wp\/v2\/users\/1"}],"replies":[{"embeddable":true,"href":"https:\/\/www.itsa.es\/fr\/wp-json\/wp\/v2\/comments?post=2170"}],"version-history":[{"count":1,"href":"https:\/\/www.itsa.es\/fr\/wp-json\/wp\/v2\/pages\/2170\/revisions"}],"predecessor-version":[{"id":2171,"href":"https:\/\/www.itsa.es\/fr\/wp-json\/wp\/v2\/pages\/2170\/revisions\/2171"}],"up":[{"embeddable":true,"href":"https:\/\/www.itsa.es\/fr\/wp-json\/wp\/v2\/pages\/2138"}],"wp:attachment":[{"href":"https:\/\/www.itsa.es\/fr\/wp-json\/wp\/v2\/media?parent=2170"}],"curies":[{"name":"wp","href":"https:\/\/api.w.org\/{rel}","templated":true}]}}