{"id":2226,"date":"2016-11-29T08:17:48","date_gmt":"2016-11-29T08:17:48","guid":{"rendered":"http:\/\/www.itsa.es\/fr\/?page_id=2226"},"modified":"2026-02-24T12:01:19","modified_gmt":"2026-02-24T12:01:19","slug":"qualite","status":"publish","type":"page","link":"https:\/\/www.itsa.es\/fr\/qualite\/","title":{"rendered":"Qualit\u00e9 et Cha\u00eene \u00c9thique"},"content":{"rendered":"\n<h1 class=\"wp-block-heading\">Mise en \u0153uvre de la responsabilit\u00e9 sociale des entreprises et du canal \u00e9thique<\/h1>\n\n\n\n<pre class=\"wp-block-preformatted\">Le Syst\u00e8me d'Information Interne est un outil de renforcement de la culture de l'information ou de la communication pour la pr\u00e9vention, la d\u00e9tection et la correction des menaces \u00e0 l'int\u00e9r\u00eat public et du non-respect de la r\u00e9glementation. Avec nos parties prenantes, tant internes qu'externes, en les encourageant toutes \u00e0 faire part de leurs pr\u00e9occupations concernant des comportements contraires \u00e0 l'\u00e9thique et\/ou des violations de la r\u00e9glementation (interne et\/ou externe) dans le cadre de notre activit\u00e9 professionnelle, et en garantissant la protection des informateurs contre d'\u00e9ventuelles repr\u00e9sailles.<br><br>La Politique du Syst\u00e8me Interne d'Information et de Gestion de la Cha\u00eene \u00c9thique d\u00e9montre l'engagement d'Industrial de Transformados, S.A. avec un comportement \u00e9thique, bas\u00e9 sur notre Code d\u2019\u00c9thique et de Pratiques Responsables d\u00e9fini dans notre Politique de Responsabilit\u00e9 Sociale d\u2019Entreprise (RSE) et la r\u00e9glementation interne et\/ou externe applicable.<br><br><\/pre>\n\n\n\n<p><a href=\"https:\/\/www.itsa.es\/wp-content\/uploads\/2025\/01\/Ethical-Code-and-Responsible-Practices-for-Suppliers-OK.pdf\">CODE D&#8217;\u00c9THIQUE ET PRATIQUES RESPONSABLES<\/a><\/p>\n\n\n\n<p><a href=\"https:\/\/www.itsa.es\/wp-content\/uploads\/2026\/02\/POLITICA-DEL-SISTEMA-INTERNO-DE-INFORMACION-Y-GESTION-DEL-CANAL-ETICO.pdf\">POLITIQUE DU SYST\u00c8ME INTERNE D\u2019INFORMATION ET DE GESTION DU CANAL \u00c9THIQUE<\/a><\/p>\n\n\n\n<p><\/p>\n","protected":false},"excerpt":{"rendered":"<p>Mise en \u0153uvre de la responsabilit\u00e9 sociale des entreprises et du canal \u00e9thique Le Syst\u00e8me d&#8217;Information Interne est un outil de renforcement de la culture de l&#8217;information ou de la communication pour la pr\u00e9vention, la d\u00e9tection et la correction des menaces \u00e0 l&#8217;int\u00e9r\u00eat public et du non-respect de la r\u00e9glementation. Avec nos parties prenantes, tant&#8230;  <a class=\"excerpt-read-more\" href=\"https:\/\/www.itsa.es\/fr\/qualite\/\" title=\"LireQualit\u00e9 et Cha\u00eene \u00c9thique\">Lire la suite &raquo;<\/a><\/p>\n","protected":false},"author":1,"featured_media":0,"parent":0,"menu_order":152,"comment_status":"closed","ping_status":"closed","template":"page-quality.php","meta":{"_monsterinsights_skip_tracking":false,"_monsterinsights_sitenote_active":false,"_monsterinsights_sitenote_note":"","_monsterinsights_sitenote_category":0,"footnotes":""},"class_list":["post-2226","page","type-page","status-publish","hentry"],"_links":{"self":[{"href":"https:\/\/www.itsa.es\/fr\/wp-json\/wp\/v2\/pages\/2226","targetHints":{"allow":["GET"]}}],"collection":[{"href":"https:\/\/www.itsa.es\/fr\/wp-json\/wp\/v2\/pages"}],"about":[{"href":"https:\/\/www.itsa.es\/fr\/wp-json\/wp\/v2\/types\/page"}],"author":[{"embeddable":true,"href":"https:\/\/www.itsa.es\/fr\/wp-json\/wp\/v2\/users\/1"}],"replies":[{"embeddable":true,"href":"https:\/\/www.itsa.es\/fr\/wp-json\/wp\/v2\/comments?post=2226"}],"version-history":[{"count":6,"href":"https:\/\/www.itsa.es\/fr\/wp-json\/wp\/v2\/pages\/2226\/revisions"}],"predecessor-version":[{"id":5047,"href":"https:\/\/www.itsa.es\/fr\/wp-json\/wp\/v2\/pages\/2226\/revisions\/5047"}],"wp:attachment":[{"href":"https:\/\/www.itsa.es\/fr\/wp-json\/wp\/v2\/media?parent=2226"}],"curies":[{"name":"wp","href":"https:\/\/api.w.org\/{rel}","templated":true}]}}