{"id":2236,"date":"2016-11-29T08:19:29","date_gmt":"2016-11-29T08:19:29","guid":{"rendered":"http:\/\/www.itsa.es\/fr\/?page_id=2236"},"modified":"2025-01-17T15:39:54","modified_gmt":"2025-01-17T15:39:54","slug":"qualite-et-environnement","status":"publish","type":"page","link":"https:\/\/www.itsa.es\/fr\/qualite\/qualite-et-environnement\/","title":{"rendered":"Qualit\u00e9 et Environnement"},"content":{"rendered":"\n<h1 class=\"wp-block-heading\">Qualit\u00e9 bas\u00e9e sur le professionnalisme de notre \u00e9quipe et un excellent syst\u00e8me de gestion. Fiables, soutenables et respectueux de l&#8217;environnement<\/h1>\n\n\n\n<figure class=\"wp-block-image\"><a href=\"http:\/\/www.itsa.es\/wp-content\/uploads\/2016\/08\/01_quality_environment.jpg\"><img loading=\"lazy\" decoding=\"async\" width=\"780\" height=\"440\" src=\"http:\/\/www.itsa.es\/wp-content\/uploads\/2016\/08\/01_quality_environment-780x440.jpg\" alt=\"\" class=\"wp-image-398\" srcset=\"https:\/\/www.itsa.es\/wp-content\/uploads\/2016\/08\/01_quality_environment.jpg 780w, https:\/\/www.itsa.es\/wp-content\/uploads\/2016\/08\/01_quality_environment-768x433.jpg 768w\" sizes=\"auto, (max-width: 780px) 100vw, 780px\" \/><\/a><\/figure>\n\n\n\n<p>La qualit\u00e9 est la pierre angulaire de notre relation avec tous nos clients, fournisseurs et partenaires, et est impliqu\u00e9 dans tous les processus de travail ITSA: de la conception \u00e0 la fabrication et \u00e0 la livraison du produit fini.<\/p>\n\n\n\n<p>Conscients de l&#8217;importance de prendre soin de notre plan\u00e8te et de notre qualit\u00e9 de vie, ITSA est engag\u00e9e \u00e0 d\u00e9velopper son entreprise avec le plus grand respect et la protection de l&#8217;environnement et de r\u00e9duire au minimum l&#8217;impact g\u00e9n\u00e9r\u00e9 par ses installations et des produits, conform\u00e9ment \u00e0 l\u00e9gislation.<\/p>\n\n\n\n<p>En ITSA nous cherchons \u00e0 \u00e9tablir une relation de travail \u00e9troite avec nos clients, qui r\u00e9pond \u00e0 vos besoins et nous permettent de grandir ensemble. Crit\u00e8res de durabilit\u00e9 \u00e9conomique, sociale et \u00e9cologique sont la base de nos relations.<\/p>\n\n\n\n<p>Nous optimisons les ressources et les processus \u00e0 chaque \u00e9tape du d\u00e9veloppement de produits pour r\u00e9pondre aux besoins de nos clients, en offrant une flexibilit\u00e9 et d&#8217;assurance de la qualit\u00e9 en m\u00eame temps agir d&#8217;une mani\u00e8re qui respecte l&#8217;environnement<\/p>\n\n\n\n<p><a href=\"https:\/\/www.itsa.es\/wp-content\/uploads\/2025\/01\/DC-002-rev-09-Politique-Qualite-OK-1.pdf\">POLITIQUE DE QUALIT\u00c9, ENVIRONNEMENT, S\u00c9CURIT\u00c9, CSR ET SANT\u00c9 AU TRAVAIL<\/a><\/p>\n","protected":false},"excerpt":{"rendered":"<p>Qualit\u00e9 bas\u00e9e sur le professionnalisme de notre \u00e9quipe et un excellent syst\u00e8me de gestion. Fiables, soutenables et respectueux de l&#8217;environnement La qualit\u00e9 est la pierre angulaire de notre relation avec tous nos clients, fournisseurs et partenaires, et est impliqu\u00e9 dans tous les processus de travail ITSA: de la conception \u00e0 la fabrication et \u00e0 la&#8230;  <a class=\"excerpt-read-more\" href=\"https:\/\/www.itsa.es\/fr\/qualite\/qualite-et-environnement\/\" title=\"LireQualit\u00e9 et Environnement\">Lire la suite &raquo;<\/a><\/p>\n","protected":false},"author":1,"featured_media":0,"parent":2226,"menu_order":157,"comment_status":"closed","ping_status":"closed","template":"page-quality.php","meta":{"_monsterinsights_skip_tracking":false,"_monsterinsights_sitenote_active":false,"_monsterinsights_sitenote_note":"","_monsterinsights_sitenote_category":0,"footnotes":""},"class_list":["post-2236","page","type-page","status-publish","hentry"],"_links":{"self":[{"href":"https:\/\/www.itsa.es\/fr\/wp-json\/wp\/v2\/pages\/2236","targetHints":{"allow":["GET"]}}],"collection":[{"href":"https:\/\/www.itsa.es\/fr\/wp-json\/wp\/v2\/pages"}],"about":[{"href":"https:\/\/www.itsa.es\/fr\/wp-json\/wp\/v2\/types\/page"}],"author":[{"embeddable":true,"href":"https:\/\/www.itsa.es\/fr\/wp-json\/wp\/v2\/users\/1"}],"replies":[{"embeddable":true,"href":"https:\/\/www.itsa.es\/fr\/wp-json\/wp\/v2\/comments?post=2236"}],"version-history":[{"count":11,"href":"https:\/\/www.itsa.es\/fr\/wp-json\/wp\/v2\/pages\/2236\/revisions"}],"predecessor-version":[{"id":4709,"href":"https:\/\/www.itsa.es\/fr\/wp-json\/wp\/v2\/pages\/2236\/revisions\/4709"}],"up":[{"embeddable":true,"href":"https:\/\/www.itsa.es\/fr\/wp-json\/wp\/v2\/pages\/2226"}],"wp:attachment":[{"href":"https:\/\/www.itsa.es\/fr\/wp-json\/wp\/v2\/media?parent=2236"}],"curies":[{"name":"wp","href":"https:\/\/api.w.org\/{rel}","templated":true}]}}