{"id":2243,"date":"2016-11-29T08:23:22","date_gmt":"2016-11-29T08:23:22","guid":{"rendered":"http:\/\/www.itsa.es\/fr\/?page_id=2243"},"modified":"2025-12-17T16:28:10","modified_gmt":"2025-12-17T16:28:10","slug":"certifications","status":"publish","type":"page","link":"https:\/\/www.itsa.es\/fr\/qualite\/certifications\/","title":{"rendered":"Certifications"},"content":{"rendered":"\n<h1 class=\"wp-block-heading\">Certifications<\/h1>\n\n\n\n<figure class=\"wp-block-image\"><a href=\"http:\/\/www.itsa.es\/wp-content\/uploads\/2016\/08\/02_certifications.jpg\"><img loading=\"lazy\" decoding=\"async\" width=\"780\" height=\"440\" src=\"http:\/\/www.itsa.es\/wp-content\/uploads\/2016\/08\/02_certifications-780x440.jpg\" alt=\"\" class=\"wp-image-400\" srcset=\"https:\/\/www.itsa.es\/wp-content\/uploads\/2016\/08\/02_certifications.jpg 780w, https:\/\/www.itsa.es\/wp-content\/uploads\/2016\/08\/02_certifications-768x433.jpg 768w\" sizes=\"auto, (max-width: 780px) 100vw, 780px\" \/><\/a><\/figure>\n\n\n\n<p><\/p>\n\n\n\n<p>A c\u00f4t\u00e9 du standard en la gestion de la qualit\u00e9 DIN EN ISO 9001, ITSA montre son engagement envers l&#8217;environnement en ayant la certification de management environnemental DIN EN ISO 14001.<\/p>\n\n\n\n<p>Afin de d\u00e9passer les attentes de nos clients ITSA d\u00e9tient \u00e9galement la prestigieuse certification IRIS, le plus moderne syst\u00e8me int\u00e9gr\u00e9 de gestion pour le secteur ferroviaire.<\/p>\n\n\n\n<p>&nbsp;<\/p>\n\n\n\n<h3 class=\"wp-block-heading\">Certifications de gestion<\/h3>\n\n\n\n<ul class=\"wp-block-list items\">\n<li><br><h4>IRIS \/ ISO TS 22163<\/h4><br><p><a class=\"btn download\" href=\"https:\/\/www.itsa.es\/wp-content\/uploads\/2025\/06\/30350618-IRIS-SME-2025-02-07.pdf\" target=\"_blank\">PDF<\/a><br><br>Norme de gestion de projets pour l&#8217;industrie ferroviaire qui vise \u00e0 optimiser les ressources, de r\u00e9duire les efforts et les co\u00fbts tout au long de la cha\u00eene d&#8217;approvisionnement. Plus d&#8217;informations sur ce <a href=\"http:\/\/www.iris-rail.org\/index.php?SID=e68f222afe798e2d855c275ce63f763f&amp;page=global&amp;content=global_company_detail&amp;COID=2538&amp;desc=mbc_company_detail\" target=\"_blank\">lien<\/a>.<\/p><\/li>\n\n\n\n<li><br><h4>ISO 9001<\/h4><br><p><a class=\"btn download\" href=\"https:\/\/www.itsa.es\/wp-content\/uploads\/2025\/06\/ISO-90012015-EN-DQS.pdf\" target=\"_blank\">PDF<\/a><br><br>Int\u00e9gration et am\u00e9lioration de la gestion des processus dans tous les domaines de l&#8217;entreprise pour atteindre la pleine satisfaction de nos clients dans un environnement de respect et de cr\u00e9dibilit\u00e9 mutuelle.<\/p><\/li>\n\n\n\n<li><br><h4>ISO 14001<\/h4><br><p><a href=\"https:\/\/www.itsa.es\/wp-content\/uploads\/2025\/12\/ISO-140012015.pdf\" target=\"_blank\" rel=\"noreferrer noopener\">PDF<\/a><br><br>ITSA est r\u00e9solu \u00e0 pr\u00e9venir la pollution provenant de nos activit\u00e9s, a travers de la gestion coh\u00e9rente de nos ressources \u00e9nerg\u00e9tiques et la flexibilisation de nos syst\u00e8mes.<\/p><\/li>\n<\/ul>\n\n\n\n<h3 class=\"wp-block-heading\">Certificats de proc\u00e9d\u00e9s sp\u00e9ciaux<\/h3>\n\n\n\n<ul class=\"wp-block-list items\">\n<li><br><h4>Collage DIN 6701-2 A2<\/h4><br><p><a class=\"btn download\" href=\"https:\/\/www.itsa.es\/wp-content\/uploads\/2025\/06\/EN-17460-Bonding-certificate-TC-Kleben.pdf\" target=\"_blank\">PDF<\/a><br><br>ITSA a identifi\u00e9 les t\u00e2ches et les responsabilit\u00e9s li\u00e9es aux activit\u00e9s de collage \u00e0 fin d\u2019offrir des produits \u00e0 haute valeur ajout\u00e9e qui r\u00e9pondent aux normes de qualit\u00e9 requises.<\/p><\/li>\n\n\n\n<li><br><h4>Soudage UNE &#8211; EN 15085-2* CL4<\/h4><br><p><a class=\"btn download\" href=\"https:\/\/www.itsa.es\/wp-content\/uploads\/2024\/09\/ITSA-15085-Certificate-Mar2023.pdf\" target=\"_blank\">PDF<\/a><br><br>ITSA a identifi\u00e9 les t\u00e2ches et les responsabilit\u00e9s pour la coordination des activit\u00e9s de soudage \u00e0 g\u00e9rer des projets int\u00e9gr\u00e9s dans le respect des normes de qualit\u00e9 requises. Nos fournisseurs offrent des produits qui r\u00e9pondent \u00e0 la norme UNE 15085-2 CL2<\/p><\/li>\n<\/ul>\n\n\n\n<h3 class=\"wp-block-heading\">Certificats de produits<\/h3>\n\n\n\n<p>Certains produits sont soumis \u00e0 diverses \u00e9valuations et inspections pour v\u00e9rifier la conformit\u00e9 \u00e0 la r\u00e9glementation applicable.<\/p>\n\n\n\n<p>ITSA garantit le respect des normes et sp\u00e9cifications techniques applicables au produit, les r\u00e8gles particuli\u00e8res et proc\u00e9dures n\u00e9cessaires.<\/p>\n","protected":false},"excerpt":{"rendered":"<p>Certifications A c\u00f4t\u00e9 du standard en la gestion de la qualit\u00e9 DIN EN ISO 9001, ITSA montre son engagement envers l&#8217;environnement en ayant la certification de management environnemental DIN EN ISO 14001. Afin de d\u00e9passer les attentes de nos clients ITSA d\u00e9tient \u00e9galement la prestigieuse certification IRIS, le plus moderne syst\u00e8me int\u00e9gr\u00e9 de gestion pour&#8230;  <a class=\"excerpt-read-more\" href=\"https:\/\/www.itsa.es\/fr\/qualite\/certifications\/\" title=\"LireCertifications\">Lire la suite &raquo;<\/a><\/p>\n","protected":false},"author":1,"featured_media":0,"parent":2226,"menu_order":43,"comment_status":"closed","ping_status":"closed","template":"page-quality.php","meta":{"_monsterinsights_skip_tracking":false,"_monsterinsights_sitenote_active":false,"_monsterinsights_sitenote_note":"","_monsterinsights_sitenote_category":0,"footnotes":""},"class_list":["post-2243","page","type-page","status-publish","hentry"],"_links":{"self":[{"href":"https:\/\/www.itsa.es\/fr\/wp-json\/wp\/v2\/pages\/2243","targetHints":{"allow":["GET"]}}],"collection":[{"href":"https:\/\/www.itsa.es\/fr\/wp-json\/wp\/v2\/pages"}],"about":[{"href":"https:\/\/www.itsa.es\/fr\/wp-json\/wp\/v2\/types\/page"}],"author":[{"embeddable":true,"href":"https:\/\/www.itsa.es\/fr\/wp-json\/wp\/v2\/users\/1"}],"replies":[{"embeddable":true,"href":"https:\/\/www.itsa.es\/fr\/wp-json\/wp\/v2\/comments?post=2243"}],"version-history":[{"count":12,"href":"https:\/\/www.itsa.es\/fr\/wp-json\/wp\/v2\/pages\/2243\/revisions"}],"predecessor-version":[{"id":5029,"href":"https:\/\/www.itsa.es\/fr\/wp-json\/wp\/v2\/pages\/2243\/revisions\/5029"}],"up":[{"embeddable":true,"href":"https:\/\/www.itsa.es\/fr\/wp-json\/wp\/v2\/pages\/2226"}],"wp:attachment":[{"href":"https:\/\/www.itsa.es\/fr\/wp-json\/wp\/v2\/media?parent=2243"}],"curies":[{"name":"wp","href":"https:\/\/api.w.org\/{rel}","templated":true}]}}