{"id":1126,"date":"2016-09-26T16:22:54","date_gmt":"2016-09-26T16:22:54","guid":{"rendered":"http:\/\/www.itsa.es\/it\/?page_id=1126"},"modified":"2025-01-17T15:38:54","modified_gmt":"2025-01-17T15:38:54","slug":"qualita-e-medio-ambiente","status":"publish","type":"page","link":"https:\/\/www.itsa.es\/it\/qualita\/qualita-e-medio-ambiente\/","title":{"rendered":"Qualit\u00e0 e Medio Ambiente"},"content":{"rendered":"\n<h1 class=\"wp-block-heading\">Qualit\u00e0, basata sulla professionalit\u00e0 del nostro team e un ottimo sistema di gestione. Sicuri, sostenibili e rispettosi con il medio ambiente<\/h1>\n\n\n\n<figure class=\"wp-block-image\"><a href=\"http:\/\/www.itsa.es\/wp-content\/uploads\/2016\/08\/01_quality_environment.jpg\"><img loading=\"lazy\" decoding=\"async\" width=\"780\" height=\"440\" src=\"http:\/\/www.itsa.es\/wp-content\/uploads\/2016\/08\/01_quality_environment-780x440.jpg\" alt=\"\" class=\"wp-image-398\" srcset=\"https:\/\/www.itsa.es\/wp-content\/uploads\/2016\/08\/01_quality_environment.jpg 780w, https:\/\/www.itsa.es\/wp-content\/uploads\/2016\/08\/01_quality_environment-768x433.jpg 768w\" sizes=\"auto, (max-width: 780px) 100vw, 780px\" \/><\/a><\/figure>\n\n\n\n<p>La qualit\u00e0 \u00e8 il fulcro del nostro rapporto con tutti i nostri clienti, fornitori e partner, ed \u00e8 coinvolta in tutti i processi di lavoro a ITSA: dalla progettazione alla produzione, e la consegna del prodotto finito.<\/p>\n\n\n\n<p>Consapevole dell&#8217;importanza di prendersi cura per il nostro pianeta e la nostra qualit\u00e0 della vita, ITSA \u00e8 impegnata a svolgere la sua attivit\u00e0 con il massimo rispetto e la tutela dell&#8217;ambiente e per ridurre al minimo l&#8217;impatto generato dai propri servizi e prodotti, in conformit\u00e0 alla normativa vigente.<\/p>\n\n\n\n<p>In ITSA abbiamo come obiettivo stabilire una relazione di stretta collaborazione con i nostri clienti che risponda alle sue necessit\u00e0 e ci permetta crescere insieme. Criteri di sostenibilit\u00e0 economica, sociale ed ecologica sono la base della nostra relazione.<\/p>\n\n\n\n<p>Ottimizziamo le risorse e i processi in ogni fase dello sviluppo del prodotto per soddisfare le necessit\u00e0 dei nostri clienti, offrendoli flessibilit\u00e0 e garanzia di qualit\u00e0 pur agendo nel rispetto del medio ambiente.<\/p>\n\n\n\n<p><a href=\"https:\/\/www.itsa.es\/wp-content\/uploads\/2025\/01\/DC-002-rev-09-Politica-de-la-Calidad-signada-OK-1.pdf\">POLITICA DELLA QUALIT\u00c0<\/a><\/p>\n","protected":false},"excerpt":{"rendered":"<p>Qualit\u00e0, basata sulla professionalit\u00e0 del nostro team e un ottimo sistema di gestione. Sicuri, sostenibili e rispettosi con il medio ambiente La qualit\u00e0 \u00e8 il fulcro del nostro rapporto con tutti i nostri clienti, fornitori e partner, ed \u00e8 coinvolta in tutti i processi di lavoro a ITSA: dalla progettazione alla produzione, e la consegna&#8230;  <a class=\"excerpt-read-more\" href=\"https:\/\/www.itsa.es\/it\/qualita\/qualita-e-medio-ambiente\/\" title=\"Read Qualit\u00e0 e Medio Ambiente\">Leggi tutto &raquo;<\/a><\/p>\n","protected":false},"author":1,"featured_media":0,"parent":505,"menu_order":159,"comment_status":"closed","ping_status":"closed","template":"page-quality.php","meta":{"_monsterinsights_skip_tracking":false,"_monsterinsights_sitenote_active":false,"_monsterinsights_sitenote_note":"","_monsterinsights_sitenote_category":0,"footnotes":""},"class_list":["post-1126","page","type-page","status-publish","hentry"],"_links":{"self":[{"href":"https:\/\/www.itsa.es\/it\/wp-json\/wp\/v2\/pages\/1126","targetHints":{"allow":["GET"]}}],"collection":[{"href":"https:\/\/www.itsa.es\/it\/wp-json\/wp\/v2\/pages"}],"about":[{"href":"https:\/\/www.itsa.es\/it\/wp-json\/wp\/v2\/types\/page"}],"author":[{"embeddable":true,"href":"https:\/\/www.itsa.es\/it\/wp-json\/wp\/v2\/users\/1"}],"replies":[{"embeddable":true,"href":"https:\/\/www.itsa.es\/it\/wp-json\/wp\/v2\/comments?post=1126"}],"version-history":[{"count":15,"href":"https:\/\/www.itsa.es\/it\/wp-json\/wp\/v2\/pages\/1126\/revisions"}],"predecessor-version":[{"id":4707,"href":"https:\/\/www.itsa.es\/it\/wp-json\/wp\/v2\/pages\/1126\/revisions\/4707"}],"up":[{"embeddable":true,"href":"https:\/\/www.itsa.es\/it\/wp-json\/wp\/v2\/pages\/505"}],"wp:attachment":[{"href":"https:\/\/www.itsa.es\/it\/wp-json\/wp\/v2\/media?parent=1126"}],"curies":[{"name":"wp","href":"https:\/\/api.w.org\/{rel}","templated":true}]}}