{"id":1132,"date":"2016-09-26T16:27:54","date_gmt":"2016-09-26T16:27:54","guid":{"rendered":"http:\/\/www.itsa.es\/it\/?page_id=1132"},"modified":"2025-12-17T16:28:43","modified_gmt":"2025-12-17T16:28:43","slug":"certificazioni","status":"publish","type":"page","link":"https:\/\/www.itsa.es\/it\/qualita\/certificazioni\/","title":{"rendered":"Certificazioni"},"content":{"rendered":"\n<h1 class=\"wp-block-heading\">Certificazioni<\/h1>\n\n\n\n<figure class=\"wp-block-image\"><a href=\"http:\/\/www.itsa.es\/wp-content\/uploads\/2016\/08\/02_certifications.jpg\"><img loading=\"lazy\" decoding=\"async\" width=\"780\" height=\"440\" src=\"http:\/\/www.itsa.es\/wp-content\/uploads\/2016\/08\/02_certifications-780x440.jpg\" alt=\"\" class=\"wp-image-400\" srcset=\"https:\/\/www.itsa.es\/wp-content\/uploads\/2016\/08\/02_certifications.jpg 780w, https:\/\/www.itsa.es\/wp-content\/uploads\/2016\/08\/02_certifications-768x433.jpg 768w\" sizes=\"auto, (max-width: 780px) 100vw, 780px\" \/><\/a><\/figure>\n\n\n\n<p><\/p>\n\n\n\n<p>Giunto allo standard di gestione di qualit\u00e0 DIN EN ISO 9001, ITSA mostra il suo compromesso con il medio ambiente al disporre della certificazione di gestione medio ambientale DIN EN ISO 14001.<\/p>\n\n\n\n<p>Con l\u2019obiettivo di superare le aspettative dei nostri clienti ITSA conta, inoltre, con la prestigiosa certificazione IRIS, il pi\u00f9 moderno sistema di gestione integrata di progetti per il settore ferroviario.<\/p>\n\n\n\n<p>&nbsp;<\/p>\n\n\n\n<h3 class=\"wp-block-heading\">Certificazioni di gestione<\/h3>\n\n\n\n<ul class=\"wp-block-list items\">\n<li><br><h4>IRIS \/ ISO TS 22163<\/h4><br><p><a class=\"btn download\" href=\"https:\/\/www.itsa.es\/wp-content\/uploads\/2025\/06\/30350618-IRIS-SME-2025-02-07.pdf\" target=\"_blank\">PDF<\/a><br><br>Standard di gestione di progetti per l\u2019industria ferroviaria che ha come obiettivo l\u2019ottimizzazione delle risorse, ridurre sforzi e costi durante la catena di fornitura. Maggiori informazioni nel seguente <a href=\"http:\/\/www.iris-rail.org\/index.php?SID=e68f222afe798e2d855c275ce63f763f&amp;page=global&amp;content=global_company_detail&amp;COID=2538&amp;desc=mbc_company_detail\" target=\"_blank\">link<\/a>.<\/p><\/li>\n\n\n\n<li><br><h4>ISO 9001<\/h4><br><p><a class=\"btn download\" href=\"https:\/\/www.itsa.es\/wp-content\/uploads\/2025\/06\/ISO-90012015-EN-DQS.pdf\" target=\"_blank\">PDF<\/a><br><br>Integrazione e miglioramenti di gestione tramite processi in tutte le aree dell\u2019azienda per raggiungere la piena soddisfazione dei nostri clienti in un ambiente di rispetto reciproco e di credibilit\u00e0.<\/p><\/li>\n\n\n\n<li><br><h4>ISO 14001<\/h4><br><p><a href=\"https:\/\/www.itsa.es\/wp-content\/uploads\/2025\/12\/ISO-140012015.pdf\" target=\"_blank\" rel=\"noreferrer noopener\">PDF<\/a><br><br>ITSA si compromette a prevenire la contaminazione originata nelle nostre attivit\u00e0, gestendo in maniera coerente le nostre risorse energetiche e flessibilizzando i nostri sistemi.<\/p><\/li>\n<\/ul>\n\n\n\n<h3 class=\"wp-block-heading\">Certificazioni di processi speciali<\/h3>\n\n\n\n<ul class=\"wp-block-list items\">\n<li><br><h4>Incollaggio DIN 6701-2 A2<\/h4><br><p><a class=\"btn download\" href=\"https:\/\/www.itsa.es\/wp-content\/uploads\/2025\/06\/EN-17460-Bonding-certificate-TC-Kleben.pdf\" target=\"_blank\">PDF<\/a><br><br>ITSA ha identificato i compiti e le responsabilit\u00e0 relative alle attivit\u00e0 di incollaggio per offrire prodotti di alto valore aggiunto che compiano con gli standards di qualit\u00e0 richiesti.<\/p><\/li>\n\n\n\n<li><br><h4>Saldatura UNE &#8211; EN 15085-2* CL4<\/h4><br><p><a class=\"btn download\" href=\"https:\/\/www.itsa.es\/wp-content\/uploads\/2024\/09\/ITSA-15085-Certificate-Mar2023.pdf\" target=\"_blank\">PDF<\/a><br><br>ITSA ha identificato i compiti e le responsabilit\u00e0 relative al coordinamento delle attivit\u00e0 di saldatura per gestire progetti integrali compiendo con gli standards di qualit\u00e0 richiesti.<br><br>I nostri fornitori offrono prodotti che compiono con la certificazione UNE 15085-2 CL2.<\/p><\/li>\n<\/ul>\n\n\n\n<h3 class=\"wp-block-heading\">Certificazioni di prodotti<\/h3>\n\n\n\n<p>Alcuni dei nostri prodotti sono sottomessi a distinte valutazioni e controlli per certificare il compimento delle norme corrispondenti.<\/p>\n\n\n\n<p>ITSA garantisce la conformit\u00e0 con le norme e specifiche tecniche applicabili al prodotto, le norme particolari ed i procedimenti necessari.<\/p>\n","protected":false},"excerpt":{"rendered":"<p>Certificazioni Giunto allo standard di gestione di qualit\u00e0 DIN EN ISO 9001, ITSA mostra il suo compromesso con il medio ambiente al disporre della certificazione di gestione medio ambientale DIN EN ISO 14001. Con l\u2019obiettivo di superare le aspettative dei nostri clienti ITSA conta, inoltre, con la prestigiosa certificazione IRIS, il pi\u00f9 moderno sistema di&#8230;  <a class=\"excerpt-read-more\" href=\"https:\/\/www.itsa.es\/it\/qualita\/certificazioni\/\" title=\"Read Certificazioni\">Leggi tutto &raquo;<\/a><\/p>\n","protected":false},"author":1,"featured_media":0,"parent":505,"menu_order":43,"comment_status":"closed","ping_status":"closed","template":"page-quality.php","meta":{"_monsterinsights_skip_tracking":false,"_monsterinsights_sitenote_active":false,"_monsterinsights_sitenote_note":"","_monsterinsights_sitenote_category":0,"footnotes":""},"class_list":["post-1132","page","type-page","status-publish","hentry"],"_links":{"self":[{"href":"https:\/\/www.itsa.es\/it\/wp-json\/wp\/v2\/pages\/1132","targetHints":{"allow":["GET"]}}],"collection":[{"href":"https:\/\/www.itsa.es\/it\/wp-json\/wp\/v2\/pages"}],"about":[{"href":"https:\/\/www.itsa.es\/it\/wp-json\/wp\/v2\/types\/page"}],"author":[{"embeddable":true,"href":"https:\/\/www.itsa.es\/it\/wp-json\/wp\/v2\/users\/1"}],"replies":[{"embeddable":true,"href":"https:\/\/www.itsa.es\/it\/wp-json\/wp\/v2\/comments?post=1132"}],"version-history":[{"count":12,"href":"https:\/\/www.itsa.es\/it\/wp-json\/wp\/v2\/pages\/1132\/revisions"}],"predecessor-version":[{"id":5030,"href":"https:\/\/www.itsa.es\/it\/wp-json\/wp\/v2\/pages\/1132\/revisions\/5030"}],"up":[{"embeddable":true,"href":"https:\/\/www.itsa.es\/it\/wp-json\/wp\/v2\/pages\/505"}],"wp:attachment":[{"href":"https:\/\/www.itsa.es\/it\/wp-json\/wp\/v2\/media?parent=1132"}],"curies":[{"name":"wp","href":"https:\/\/api.w.org\/{rel}","templated":true}]}}