{"id":1150,"date":"2016-09-26T16:36:25","date_gmt":"2016-09-26T16:36:25","guid":{"rendered":"http:\/\/www.itsa.es\/it\/?page_id=1150"},"modified":"2016-10-13T09:45:58","modified_gmt":"2016-10-13T09:45:58","slug":"politica-cookies","status":"publish","type":"page","link":"https:\/\/www.itsa.es\/it\/politica-cookies\/","title":{"rendered":"Politica Cookies"},"content":{"rendered":"<p>&nbsp;<\/p>\n<p>Un\u00a0<em>cookie<\/em> \u00e8 un piccolo file di testo che viene memorizzato nel suo browser quando si visita qualsiasi pagin web. La sua utilit\u00e0 \u00e8 che il web \u00e8 in grado di ricordare la vostra visita quando torner\u00e0 a navigare in questa pagina. I <em>Cookies<\/em> spesso memorizzano le informazioni di carattere tecnico, le preferenze personali, contenuti di personalizzazione, statistiche di utilizzo, i link ai social network, l&#8217;accesso agli account utente, etc. Lo scopo del <em>cookie<\/em> \u00e8 quello di adattare il contenuto del web al suo profilo e alle sue esigenze, senza <em>cookies<\/em> i servizi offerti da qualsiasi pagina, sarebbero diminuiti in modo significativo. Per maggiori informazioni su cosa sono i <em>cookies<\/em> , come eliminarli, disattivarli, ecc, si prega di dirigersi a <a href=\"https:\/\/www.itsa.es\/it\/further-information-about-cookies\/\">questo link.<\/a><\/p>\n<h2><\/h2>\n<p>Seguendo le linee guida dell&#8217;Agenzia Spagnola per la protezione dei dati dettagliamo l&#8217;uso dei <em>cookies<\/em> che fa questo sito, al fine di informare con la massima precisione possibile.<\/p>\n<p>Questo sito utilizza i seguenti<strong> cookie propri<\/strong>:<\/p>\n<ol>\n<li>I cookie di sessione al fine di garantire che gli utenti che scrivono commenti sul blog siano umane e non applicazioni. Cos\u00ec si lotta lo spam <em>spam<\/em>.<\/li>\n<li>Questo sito web utilizza i seguenti <strong>cookie di terzi<\/strong>:<\/li>\n<li>Google Analytics: Magazzina <em>cookies<\/em> per compilare statistiche sul traffico e il volume di visite di questo sito. Utilizzando il presente sito web si acconsente al trattamento dei dati da parte di Google. Pertanto, l&#8217;esercizio di qualsiasi diritto in questo senso deve farlo comunicando direttamente con Google.<\/li>\n<li>Le reti sociali: Ogni social network utilizza i propri <em>cookies<\/em> affinch\u00e9 lei possa cliccare sui pulsanti tipo <em>Mi piace <\/em>o\u00a0<em>Condividi<\/em>.<\/li>\n<\/ol>\n<h2><strong>Disattivazione o rimozione di cookies<\/strong><\/h2>\n<p>In qualsiasi momento \u00e8 possibile esercitare il diritto di disattivare o cancellare i cookie da questo sito. Queste azioni vengono eseguite in modo diverso a seconda del browser che si sta utilizzando. <a href=\"https:\/\/www.itsa.es\/it\/further-information-about-cookies\/#navegadores\">Qui lasciamo un breve resoconto per i browser pi\u00f9 diffusi.<\/a>.<\/p>\n<h2><strong>Note aggiuntive<\/strong><\/h2>\n<ul>\n<li>N\u00e9 il presente sito web, n\u00e9 i suoi rappresentanti legali sono responsabili per il contenuto o la veridicit\u00e0 delle politiche sulla privacy che possono avere i soggetti indicati su questa politica di<em> cookies<\/em><\/li>\n<li>I browsers Web sono responsabili per la memorizzazione di strumenti di <em>cookie<\/em>, e da questo sito dovrebbero effettuare il loro diritto di rimozione o disabilitazione. N\u00e9 il presente sito web, n\u00e9 i loro rappresentanti legali sono in grado di garantire la gestione corretta o non corretta di <em>cookie<\/em> dei browser citati.<\/li>\n<li>In alcuni casi \u00e8 necessario installare i <em>cookie<\/em> del browser perch\u00e9 il navigatore non dimentichi la decisione di non accettarli.<\/li>\n<li>Nel caso di <em>cookie<\/em>da Google Analytics,questa azienda magazzina <em>cookie<\/em> sul server negli Stati Uniti e garantisce di non con terzi, tranne quando necessario per il funzionamento del sistema o quando richiesto dalla legge per questo scopo. Secondo Google non memorizza il vostro indirizzo IP. Google Inc. \u00e8 una societ\u00e0 collegata all&#8217;accordo di Safe Harbor ed assicura che tutti i dati trasferiti saranno trattati con un livello di protezione secondo gli standard europei. \u00c8 possibile trovare informazioni dettagliate su questo argomento<a href=\"http:\/\/safeharbor.export.gov\/companyinfo.aspx?id=16626\" target=\"_blank\"> su questo link.<\/a>. Per informazioni su come Google utilizza  i cookies che <a href=\"https:\/\/developers.google.com\/analytics\/devguides\/collection\/analyticsjs\/cookie-usage?hl=en&amp;csw=1\" target=\"_blank\"> clicchi su questo link.<\/a>.<\/li>\n<\/ul>\n<p>Per eventuali domande o dubbi su questa Politica di <em>cookies<\/em> non esitate a contattarci tramite la sezione contatti.<\/p>\n","protected":false},"excerpt":{"rendered":"<p>&nbsp; Un\u00a0cookie \u00e8 un piccolo file di testo che viene memorizzato nel suo browser quando si visita qualsiasi pagin web. La sua utilit\u00e0 \u00e8 che il web \u00e8 in grado di ricordare la vostra visita quando torner\u00e0 a navigare in questa pagina. I Cookies spesso memorizzano le informazioni di carattere tecnico, le preferenze personali, contenuti&#8230;  <a class=\"excerpt-read-more\" href=\"https:\/\/www.itsa.es\/it\/politica-cookies\/\" title=\"Read Politica Cookies\">Leggi tutto &raquo;<\/a><\/p>\n","protected":false},"author":1,"featured_media":0,"parent":0,"menu_order":10,"comment_status":"closed","ping_status":"closed","template":"","meta":{"_monsterinsights_skip_tracking":false,"_monsterinsights_sitenote_active":false,"_monsterinsights_sitenote_note":"","_monsterinsights_sitenote_category":0,"footnotes":""},"class_list":["post-1150","page","type-page","status-publish","hentry"],"_links":{"self":[{"href":"https:\/\/www.itsa.es\/it\/wp-json\/wp\/v2\/pages\/1150","targetHints":{"allow":["GET"]}}],"collection":[{"href":"https:\/\/www.itsa.es\/it\/wp-json\/wp\/v2\/pages"}],"about":[{"href":"https:\/\/www.itsa.es\/it\/wp-json\/wp\/v2\/types\/page"}],"author":[{"embeddable":true,"href":"https:\/\/www.itsa.es\/it\/wp-json\/wp\/v2\/users\/1"}],"replies":[{"embeddable":true,"href":"https:\/\/www.itsa.es\/it\/wp-json\/wp\/v2\/comments?post=1150"}],"version-history":[{"count":13,"href":"https:\/\/www.itsa.es\/it\/wp-json\/wp\/v2\/pages\/1150\/revisions"}],"predecessor-version":[{"id":1470,"href":"https:\/\/www.itsa.es\/it\/wp-json\/wp\/v2\/pages\/1150\/revisions\/1470"}],"wp:attachment":[{"href":"https:\/\/www.itsa.es\/it\/wp-json\/wp\/v2\/media?parent=1150"}],"curies":[{"name":"wp","href":"https:\/\/api.w.org\/{rel}","templated":true}]}}