{"id":1154,"date":"2016-09-26T16:37:16","date_gmt":"2016-09-26T16:37:16","guid":{"rendered":"http:\/\/www.itsa.es\/it\/?page_id=1154"},"modified":"2016-10-13T09:45:21","modified_gmt":"2016-10-13T09:45:21","slug":"further-information-about-cookies","status":"publish","type":"page","link":"https:\/\/www.itsa.es\/it\/further-information-about-cookies\/","title":{"rendered":"Maggiori informazioni sui cookies"},"content":{"rendered":"<h2>Che cosa \u00e8 un cookie?<\/h2>\n<p>Un\u00a0<em>cookie<\/em> \u00e8 un file di testo <strong>innocuo <\/strong> che viene memorizzato nel tuo browser quando si visita qualsiasi pagina web. L&#8217;utilit\u00e0 del cookie \u00e8 che il web sar\u00e1 in grado di ricordare la vostra visita quando torner\u00e0 a navigare su questa pagina. Anche se molte persone non lo sanno i cookie si utilizzano da 20 anni, quando apparirono i primi browser per il World Wide Web.<\/p>\n<h2>Ci\u00f2 che non \u00e8 un cookie?<\/h2>\n<p>Non \u00e8 un virus o un Trojan, non \u00e8 un verme, o spam, o spyware, o finestre pop-up aperta.<br \/>\n<h2Quali informazioni memorizza un<em>cookie<\/em>?<\/h2>\n<p>I<em>Cookie<\/em> di solito non memorizzano informazioni sensibili su di te, come la carta di credito o informazioni bancarie, fotografie, l&#8217;ID o informazioni personali, ecc I dati memorizzati sono tecnici, preferenze personali, personalizzazione dei contenuti, ecc<\/p>\n<p>Il server web non ti associa come persona se non al vostro browser web. Infatti, se naviga regolarmente con Internet Explorer e prova a navigare  nella stessa web con Firefox o Chrome si vedr\u00e0 che il web non si rende conto che \u00e9 la stessa persona, perch\u00e9 in realt\u00e0 si sta associando il browser, non la persona.<\/p>\n<h2>Che tipo de <em>cookies <\/em>l\u00ec?<\/h2>\n<ul>\n<li><em>cookies<\/em><em>tecnici<\/em>: Questi sono i pi\u00f9 fondamentali e consentono, tra le altre cose, sapere quando sta navigando un essere umano o un programma automatizzato, quando un utente anonimo naviga e quello registrato, attivit\u00e0 di base per l&#8217;esecuzione di qualsiasi web dinamico.<\/li>\n<li><em>Analisi <\/em><em>cookies<\/em>: raccoglie informazioni sul tipo di navigazione che si sta eseguendo, le sezioni pi\u00f9 utilizzate, prodotti consultati, periodo di tempo di utilizzo, lingua, ecc<\/li>\n<li><em>Cookie <\/em><em>pubblicitari<\/em>: display advertising in base alla loro navigazione, loro paese di origine, lingua, ecc<\/li>\n<\/ul>\n<h2>Cosa sono i <em>cookies<\/em> propio e quelli degli altri?<\/h2>\n<p><em>Cookie proprio <\/em> sono quelli generati dalla pagina che si sta visitando e quelli di <em>terzo <\/em>sono generati da fornitori interni ed esterni, come Facebook, Twitter, Google, ecc<\/p>\n<h2>Che cosa accade se disattivo i <em>cookies<\/em>?<\/h2>\n<p>Per capire la portata che potrebbe essere necessario per disabilitare i cookie le mostriamo alcuni esempi:<\/p>\n<p>Non \u00e8 possibile condividere i contenuti di questo sito su Facebook, Twitter o qualsiasi altro social network.<\/p>\n<p>Il sito non si adatter\u00e0 ai contenuti delle sue preferenze personali, come spesso accade nei negozi online.<\/p>\n<p>Non \u00e8 possibile accedere all&#8217;area personale del web, come o <em>Mio conto<\/em>, o <em>Mio profilo<\/em> o\u00a0<em>Miei ordini<\/em>.<\/p>\n<ul>\n<li>Negozi on-line: Sar\u00e0 impossibile per fare acquisti on-line, dovr\u00e0 essere telefonica o visitando il negozio fisico se ce n\u2019\u00e8 uno.<\/li>\n<li>Non sar\u00e0 possibile personalizzare le preferenze geografiche come il fuso orario, la valuta o la lingua.<\/li>\n<li>Il sito web non pu\u00f2 eseguire analisi web sui visitatori e il traffico web, il che rende difficile essere competitivi ovunque.<\/li>\n<li>Non \u00e8 possibile scrivere sul blog, non \u00e8 possibile caricare foto, inviare commenti, valutare i contenuti. Il web non pu\u00f2 sapere se sei un essere umano o un programma automatico che pubblica <em>spam<\/em>.<\/li>\n<li>Nessuna pubblicit\u00e0 pu\u00f2 mostrare in sezione, la quale ridurr\u00e0 i ricavi di web advertising.<\/li>\n<\/ul>\n<p>Tutte le reti sociali utilizzano i <em>cookie<\/em>, se disabilitato non \u00e8 possibile utilizzare nessuna rete sociale.<\/p>\n<h2>Posso eliminare i <em>cookies<\/em>?<\/h2>\n<p>S\u00ec. Non solo eliminare, anche bloccare, di forma generale o particolare a un dominio specifico.<\/p>\n<p>Per rimuovere i cookie da un sito web dovrebbe andare alle impostazioni del browser e l\u00ed potr\u00e0  trovare il dominio associato in questione e procedere alla sua eliminazione.<\/p>\n<h2 id=\"navegadores\">Impostazioni di <em>cookies<\/em> per i browser pi\u00f9 diffusi <\/h2>\n<p>Ecco come accedere a un determinato <em>cookie<\/em> del browser<strong> Chrome<\/strong> Nota: Questi passaggi possono variare a seconda della versione del browser:<\/p>\n<ol>\n<li>Andare su Impostazioni o Preferiti mediante il menu Archivio o facendo clic sull&#8217;icona di personalizzazione che appare in alto a destra.<\/li>\n<li>Ci saranno diverse sezioni, cliccare l&#8217;opzione <em>Mostra opzioni avanzate<\/em>.<\/li>\n<li>Vada alla <em>Privacy<\/em>,<em> Impostazioni contenuti<\/em>.<\/li>\n<li>Selezionare  <em>Tutti i cookie ei dati del sito<\/em>.<\/li>\n<li>Apparir\u00e0 un elenco con tutti i <em>cookie<\/em> Per rendere pi\u00f9 facile trovare i <em>cookies<\/em>di un determinato  dominio introduca parzialmente o totalmente l&#8217;indirizzo nel campo di ricerca <em>\u201cCercare cookie\u201d<\/em>.<\/li>\n<li>Dopo questo filtro appariranno sullo schermo una o pi\u00f9 linee con i <em>cookie<\/em>. delle Web richieste. Ora basta selezionarlo e premere la <em>X<\/em> per procedere con la rimozione<\/li>\n<\/ol>\n<p>Per accedere alle impostazioni dei <em>cookie<\/em> in <strong>Internet Explorer<\/strong>, attenersi alla seguente procedura (possono variare a seconda della versione del browser):<\/p>\n<ol>\n<li>Vai su <em>Strumenti<\/em>,<em> Opzioni Internet<\/em><\/li>\n<li>Fare clic su\u00a0<em>Privacy<\/em>.<\/li>\n<li>Spostare il cursore per regolare il livello di privacy che si desidera.<\/li>\n<\/ol>\n<p>Per accedere alle impostazioni dei <em>cookie<\/em> di configurazione del browser <strong>Firefox<\/strong> procedere come segue (possono variare a seconda della versione del browser):<\/p>\n<p>Vai a \u00a0<em>Opzioni<\/em>or\u00a0<em>Preferiti<\/em> per il sistema operativo.<\/p>\n<ol>\n<li>Fare clic su <em>Privacy<\/em>.<\/li>\n<li><em>Cronologia  <\/em>scegliere  <em>Usa impostazioni personalizzate per la cronologia.<\/em>.<\/li>\n<li>Ora vedrete l&#8217;opzione <em>Accetta cookie<\/em> , la pu\u00f2 attivare o disattivare in base alle proprie preferenze.<\/li>\n<\/ol>\n<p>Per accedere alle impostazioni dei <em>cookie<\/em> del browser Safari per <strong>OSX<\/strong>, attenersi alla seguente procedura (possono variare a seconda della versione del browser):<\/p>\n<ol>\n<li>Vai a<em> Preferiti<\/em>, poi<em> Privacy<\/em>.<\/li>\n<li>Qui potrete vedere l\u2019opzione <em>Bloccare Cookies<\/em> per adattarsi al tipo di blocco che si desidera eseguire.<\/li>\n<\/ol>\n<p>Per accedere alle impostazioni dei <em>cookie<\/em> del browser Safari per <strong> iOS<\/strong> attenersi alla seguente procedura (possono variare a seconda della versione del browser):<\/p>\n<ol>\n<li>Andare su <em>Impostazioni<\/em>, poi<em>Safari<\/em>.<\/li>\n<li>Vai a\u00a0<em>privacy e sicurezza<\/em>, , vedere l\u2019opzione <em> \u201cBloccare Cookies\u201d <\/em> per adattarsi al tipo di blocco che si desidera eseguire.<\/li>\n<\/ol>\n<p>Per accedere al browser <em>cookie<\/em> di configurazione per i dispositivi  <strong>Android<\/strong> dattenersi alla seguente procedura (possono variare a seconda della versione del browser):<\/p>\n<ol>\n<li>Eseguire il browser e premere il tasto <em>Menu<\/em>, quindi  <em>Impostazioni<\/em>.<\/li>\n<li>Vai a <em>sicurezza e privacy<\/em> , vedere l&#8217;opzione <em>Accetta cookie <\/em>per selezionare o deselezionare la casella.<\/li>\n<\/ol>\n<p>Per accedere al browser <em>cookies<\/em> cookie di configurazione per i dispositivi <strong>Windows Phone<\/strong> attenersi alla seguente procedura (possono variare a seconda della versione del browser):<\/p>\n<ol>\n<li>Aprire \u00a0<em>Internet Explorer<\/em>, poi <em>Pi\u00f9<\/em>, quindi \u00a0<em>Impostazioni<\/em><\/li>\n<li>A questo punto \u00e8 possibile attivare o disattivare la casella  <em>\u201cPermettere Cookies\u201d<\/em>.<\/li>\n<\/ol>\n","protected":false},"excerpt":{"rendered":"<p>Che cosa \u00e8 un cookie? Un\u00a0cookie \u00e8 un file di testo innocuo che viene memorizzato nel tuo browser quando si visita qualsiasi pagina web. L&#8217;utilit\u00e0 del cookie \u00e8 che il web sar\u00e1 in grado di ricordare la vostra visita quando torner\u00e0 a navigare su questa pagina. Anche se molte persone non lo sanno i cookie&#8230;  <a class=\"excerpt-read-more\" href=\"https:\/\/www.itsa.es\/it\/further-information-about-cookies\/\" title=\"Read Maggiori informazioni sui cookies\">Leggi tutto &raquo;<\/a><\/p>\n","protected":false},"author":1,"featured_media":0,"parent":0,"menu_order":13,"comment_status":"closed","ping_status":"closed","template":"","meta":{"_monsterinsights_skip_tracking":false,"_monsterinsights_sitenote_active":false,"_monsterinsights_sitenote_note":"","_monsterinsights_sitenote_category":0,"footnotes":""},"class_list":["post-1154","page","type-page","status-publish","hentry"],"_links":{"self":[{"href":"https:\/\/www.itsa.es\/it\/wp-json\/wp\/v2\/pages\/1154","targetHints":{"allow":["GET"]}}],"collection":[{"href":"https:\/\/www.itsa.es\/it\/wp-json\/wp\/v2\/pages"}],"about":[{"href":"https:\/\/www.itsa.es\/it\/wp-json\/wp\/v2\/types\/page"}],"author":[{"embeddable":true,"href":"https:\/\/www.itsa.es\/it\/wp-json\/wp\/v2\/users\/1"}],"replies":[{"embeddable":true,"href":"https:\/\/www.itsa.es\/it\/wp-json\/wp\/v2\/comments?post=1154"}],"version-history":[{"count":14,"href":"https:\/\/www.itsa.es\/it\/wp-json\/wp\/v2\/pages\/1154\/revisions"}],"predecessor-version":[{"id":1471,"href":"https:\/\/www.itsa.es\/it\/wp-json\/wp\/v2\/pages\/1154\/revisions\/1471"}],"wp:attachment":[{"href":"https:\/\/www.itsa.es\/it\/wp-json\/wp\/v2\/media?parent=1154"}],"curies":[{"name":"wp","href":"https:\/\/api.w.org\/{rel}","templated":true}]}}