{"id":526,"date":"2016-09-26T08:09:47","date_gmt":"2016-09-26T08:09:47","guid":{"rendered":"http:\/\/www.itsa.es\/it\/?page_id=526"},"modified":"2021-06-16T13:37:17","modified_gmt":"2021-06-16T13:37:17","slug":"automotive","status":"publish","type":"page","link":"https:\/\/www.itsa.es\/it\/settori\/automotive\/","title":{"rendered":"Automotive"},"content":{"rendered":"<h1>ITSA, l\u00edder europeo nella produzione di frontali Automotive<\/h1>\n<a href=\"http:\/\/www.itsa.es\/wp-content\/uploads\/2016\/08\/01_automotive.jpg\"><img loading=\"lazy\" decoding=\"async\" class=\"alignnone wp-image-367 size-medium\" src=\"http:\/\/www.itsa.es\/wp-content\/uploads\/2016\/08\/01_automotive-780x440.jpg\" width=\"780\" height=\"440\" srcset=\"https:\/\/www.itsa.es\/wp-content\/uploads\/2016\/08\/01_automotive.jpg 780w, https:\/\/www.itsa.es\/wp-content\/uploads\/2016\/08\/01_automotive-768x433.jpg 768w\" sizes=\"auto, (max-width: 780px) 100vw, 780px\" \/><\/a>\n<p>Con pi\u00f9 di 30 anni di esperienza nel mercato delle parti di ricambio di carrozzeria in pl\u00e1stica, ITSA si posiziona come il fornitore leader nella produzione e distribuzione di frontali per automobili per i suoi prodotti di alta qualit\u00e0 e il suo servizio a livello mondiale.<\/p>\n<ul>\n<li>Estesa gamma di frontali equivalenti a OEM che copre l\u201980% del parco veicoli europeo<\/li>\n<li>I frontali ITSA garantiscono facilit\u00e0 e rapidit\u00e0 di montaggio<\/li>\n<li>Disponibilit\u00e0 di stock per una consegna rapida ed efficace<\/li>\n<li>Ingegneria propria con ampia esperienza nei mercati di apparecchiature originali ed anche nel settore ferroviario, uno dei pi\u00f9 esigenti a livello t\u00e9cnico e di progettazione<\/li>\n<li>Materie prime e componenti di alta qualit\u00e0<\/li>\n<\/ul>\n<hr \/>\n<div id=\"automotive-products\"><\/div>\n<h2>Prodotti<\/h2>\n<p>Il catalogo ITSA contiene la pi\u00f9 ampia gamma di frontali del mercato europeo: pi\u00f9 di 200 articoli attivi e 20 marche che coprono l\u201980% del parco automobilistico europeo attuale, con rappresentazione dei principali produttori europei, giapponesi e coreani.<\/p>\n<p>I nostri prodotti garantiscono:<\/p>\n<ul>\n<li>Massima esigenza di produzione<\/li>\n<li>Costanti controlli di qualit\u00e0<\/li>\n<li>Equivalenza OEM\u00a0 <em><strong>(1)<\/strong><\/em><\/li>\n<li>Funzionalit\u00e0: prova di montaggio secondo tolleranze OEM<\/li>\n<li>Certificazione parti emesse da imprese rinomate secondo le quali:\n<ul>\n<li>I frontali ITSA sono equivalenti agli originali<\/li>\n<li>Utilizzo di materiali di alta qualit\u00e0<\/li>\n<li>Eccellente design di prodotto<\/li>\n<li>Eccellente montaggio dei frontali ITSA<\/li>\n<li>Ottimi processi di produzione<\/li>\n<\/ul>\n<\/ul>\n<p>&nbsp;<\/p>\n<h6><em><strong>(1)\u00a0I marchi utilizzati per descrivere i nostri prodotti sono di propriet\u00e0 dei produttori citati. Il loro utilizzo serve solo ad identificare il modello di veicolo su cui possono essere montati i prodotti ITSA. I nostri prodotti, pur non essendo originali, sono perfettamente adattabili ai veicoli citati.<\/strong><\/em><\/h6>\n<hr \/>\n<div id=\"automotive-services\"><\/div>\n<h2>Servizi<\/h2>\n<p>In ITSA ci compromettiamo con i nostri clienti:<\/p>\n<ul>\n<li>Compromesso di consegna in 48 h in qualsiasi punto d\u2019Europa e Servizio Express 12h in Spagna<\/li>\n<li>Totale disponibilit\u00e0 di stock<\/li>\n<li>Ottimizzazione di costi logistici ( imballaggi, trasporti,\u2026)<\/li>\n<li>Frontali certificati con borsa marcata con il logo dell\u2019organismo certificante.<\/li>\n<\/ul>\n","protected":false},"excerpt":{"rendered":"<p>ITSA, l\u00edder europeo nella produzione di frontali Automotive Con pi\u00f9 di 30 anni di esperienza nel mercato delle parti di ricambio di carrozzeria in pl\u00e1stica, ITSA si posiziona come il fornitore leader nella produzione e distribuzione di frontali per automobili per i suoi prodotti di alta qualit\u00e0 e il suo servizio a livello mondiale. Estesa&#8230;  <a class=\"excerpt-read-more\" href=\"https:\/\/www.itsa.es\/it\/settori\/automotive\/\" title=\"Read Automotive\">Leggi tutto &raquo;<\/a><\/p>\n","protected":false},"author":1,"featured_media":0,"parent":487,"menu_order":25,"comment_status":"closed","ping_status":"closed","template":"page-sectors.php","meta":{"_monsterinsights_skip_tracking":false,"_monsterinsights_sitenote_active":false,"_monsterinsights_sitenote_note":"","_monsterinsights_sitenote_category":0,"footnotes":""},"class_list":["post-526","page","type-page","status-publish","hentry"],"_links":{"self":[{"href":"https:\/\/www.itsa.es\/it\/wp-json\/wp\/v2\/pages\/526","targetHints":{"allow":["GET"]}}],"collection":[{"href":"https:\/\/www.itsa.es\/it\/wp-json\/wp\/v2\/pages"}],"about":[{"href":"https:\/\/www.itsa.es\/it\/wp-json\/wp\/v2\/types\/page"}],"author":[{"embeddable":true,"href":"https:\/\/www.itsa.es\/it\/wp-json\/wp\/v2\/users\/1"}],"replies":[{"embeddable":true,"href":"https:\/\/www.itsa.es\/it\/wp-json\/wp\/v2\/comments?post=526"}],"version-history":[{"count":4,"href":"https:\/\/www.itsa.es\/it\/wp-json\/wp\/v2\/pages\/526\/revisions"}],"predecessor-version":[{"id":3762,"href":"https:\/\/www.itsa.es\/it\/wp-json\/wp\/v2\/pages\/526\/revisions\/3762"}],"up":[{"embeddable":true,"href":"https:\/\/www.itsa.es\/it\/wp-json\/wp\/v2\/pages\/487"}],"wp:attachment":[{"href":"https:\/\/www.itsa.es\/it\/wp-json\/wp\/v2\/media?parent=526"}],"curies":[{"name":"wp","href":"https:\/\/api.w.org\/{rel}","templated":true}]}}