{"id":532,"date":"2016-09-26T08:10:41","date_gmt":"2016-09-26T08:10:41","guid":{"rendered":"http:\/\/www.itsa.es\/it\/?page_id=532"},"modified":"2021-03-01T10:57:31","modified_gmt":"2021-03-01T10:57:31","slug":"ferroviario","status":"publish","type":"page","link":"https:\/\/www.itsa.es\/it\/settori\/ferroviario\/","title":{"rendered":"Ferroviario"},"content":{"rendered":"<div id=\"automotive-designing\"><\/div>\n<h1>Disegniamo per le persone, fabbrichiamo qualit\u00e0<\/h1>\n<a href=\"http:\/\/www.itsa.es\/wp-content\/uploads\/2016\/08\/02_railway_industry.jpg\"><img loading=\"lazy\" decoding=\"async\" class=\"alignnone wp-image-369 size-medium\" src=\"http:\/\/www.itsa.es\/wp-content\/uploads\/2016\/08\/02_railway_industry-780x440.jpg\" width=\"780\" height=\"440\" srcset=\"https:\/\/www.itsa.es\/wp-content\/uploads\/2016\/08\/02_railway_industry.jpg 780w, https:\/\/www.itsa.es\/wp-content\/uploads\/2016\/08\/02_railway_industry-768x433.jpg 768w\" sizes=\"auto, (max-width: 780px) 100vw, 780px\" \/><\/a>\n<p>ITSA \u00e8 specialista nel disegno, ingegneria e produzione di componenti chiavi in mano per interni ferroviari. Offriamo componenti, soluzioni e servizi a progetti in tutto il mondo.<\/p>\n<p>Per la trasformazione di materie prime, ITSA realizza un ampia gamma di processi nelle sue installazioni: FRP SMC, SMC + PIMC, RTM e iniezione plastica. Inoltre, ITSA sviluppa processi di pultrusione, laminati a mano, termoformatura, trasformazione di metalli e processi di subcomponenti attraverso fornitori specializzati.<\/p>\n<p>La nostra posizione si basa su una partnership a lungo termine con i leader di mercato, nel nostro know-how ed esperienza a livello tecnico acquisita non solo nel mercato ferroviario, ma anche in altri settori di alta tecnolog\u00eda (Fotovoltaico, Aereonautica, Automotive e Urban).<\/p>\n<hr \/>\n<div id=\"railway-products\"><\/div>\n<h2>Prodotti<\/h2>\n<p>ITSA crea, disegna e fabbrica componenti specifici per il settore ferroviario. Proposte innovative che uniscono funzionalit\u00e0 e disegno pronte da creare.<\/p>\n<p>Tra le nostre soluzioni si includono:<\/p>\n<ul>\n<li>pareti laterali<\/li>\n<li>tetti<\/li>\n<li>illuminazione<\/li>\n<li>sedili<\/li>\n<li>pavimenti<\/li>\n<li>porte d\u2019ingresso<\/li>\n<\/ul>\n<hr \/>\n<div id=\"railway-services\"><\/div>\n<h2>Servizi<\/h2>\n<p>Gestiamo tutte le fasi del progetto:<\/p>\n<ul>\n<li>Progettazione di prodotto<\/li>\n<li>Stampi e utensili<\/li>\n<li>Fabbricazione<\/li>\n<li>Meccanizzazione<\/li>\n<li>Pittura e Montaggio<\/li>\n<li>Packaging e Consegna<\/li>\n<li>Attenzione al cliente<\/li>\n<\/ul>\n<hr \/>\n<div id=\"railway-design\"><\/div>\n<h2>Disegno e ingegneria<\/h2>\n<p>Riduzione di costi attraverso il disegno e l\u2019innovazione.<\/p>\n<p>ITSA dispone di un alto livello di ingegneria e capacit\u00e0 tecnica nella gestione di progetti di interni ferroviari (treni,alta velocit\u00e0, metro e tram). La riduzione di costi, pesi e subcomponenti \u00e8 un obiettivo raggiungibile grazie ad un efficace progettazione ed alla funzionalit\u00e0 dei suoi componenti, la cui industrializzazione si ottimizza.<\/p>\n<p>L\u2019 esperienza e l\u2019alta qualifica del nostro staff di ingegnieri copre tutti i livelli dalla progettazione di bozze, fino allo sviluppo di utensili e alla sua produzione.<\/p>\n<hr \/>\n<div id=\"railway-clients\"><\/div>\n<h2>Clienti<\/h2>\n<div id=\"logos-clients\"><a href=\"http:\/\/www.bombardier.com\/en\/transportation.html\" target=\"_blank\"><img loading=\"lazy\" decoding=\"async\" class=\"alignnone wp-image-352 size-full\" src=\"http:\/\/www.itsa.es\/wp-content\/uploads\/2016\/08\/over_0004_Objeto-inteligente-vectorial.jpg\" width=\"254\" height=\"150\" \/><\/a><a href=\"http:\/\/www.caf.net\" target=\"_blank\"><img loading=\"lazy\" decoding=\"async\" class=\"alignnone wp-image-353 size-full\" src=\"http:\/\/www.itsa.es\/wp-content\/uploads\/2016\/08\/over_0003_Objeto-inteligente-vectorial.jpg\" width=\"254\" height=\"150\" \/><\/a><a href=\"https:\/\/www.siemens.com\" target=\"_blank\"><img loading=\"lazy\" decoding=\"async\" class=\"alignnone wp-image-355 size-full\" src=\"http:\/\/www.itsa.es\/wp-content\/uploads\/2016\/08\/over_0002_Objeto-inteligente-vectorial.jpg\" width=\"254\" height=\"150\" \/><\/a><a href=\"http:\/\/www.stadlerrail.com\/\" target=\"_blank\"><img loading=\"lazy\" decoding=\"async\" class=\"alignnone wp-image-356 size-full\" src=\"http:\/\/www.itsa.es\/wp-content\/uploads\/2016\/08\/over_0001_Objeto-inteligente-vectorial.jpg\" width=\"254\" height=\"150\" \/><\/a><a href=\"http:\/\/ulkm.ru\/\" target=\"_blank\"><img loading=\"lazy\" decoding=\"async\" class=\"alignnone wp-image-357 size-full\" src=\"http:\/\/www.itsa.es\/wp-content\/uploads\/2016\/08\/over_0000_Objeto-inteligente-vectorial.jpg\" width=\"254\" height=\"150\" \/><\/a><a href=\"https:\/\/www.skoda.cz\/en\/\"><img loading=\"lazy\" decoding=\"async\" class=\"alignnone size-full wp-image-3648\" src=\"https:\/\/www.itsa.es\/wp-content\/uploads\/2016\/08\/SKODA-logo-e1614595120388.jpg\" width=\"254\" height=\"150\" \/><\/a><\/div>\n<hr \/>\n","protected":false},"excerpt":{"rendered":"<p>Disegniamo per le persone, fabbrichiamo qualit\u00e0 ITSA \u00e8 specialista nel disegno, ingegneria e produzione di componenti chiavi in mano per interni ferroviari. Offriamo componenti, soluzioni e servizi a progetti in tutto il mondo. Per la trasformazione di materie prime, ITSA realizza un ampia gamma di processi nelle sue installazioni: FRP SMC, SMC + PIMC, RTM&#8230;  <a class=\"excerpt-read-more\" href=\"https:\/\/www.itsa.es\/it\/settori\/ferroviario\/\" title=\"Read Ferroviario\">Leggi tutto &raquo;<\/a><\/p>\n","protected":false},"author":1,"featured_media":0,"parent":487,"menu_order":160,"comment_status":"closed","ping_status":"closed","template":"page-sectors.php","meta":{"_monsterinsights_skip_tracking":false,"_monsterinsights_sitenote_active":false,"_monsterinsights_sitenote_note":"","_monsterinsights_sitenote_category":0,"footnotes":""},"class_list":["post-532","page","type-page","status-publish","hentry"],"_links":{"self":[{"href":"https:\/\/www.itsa.es\/it\/wp-json\/wp\/v2\/pages\/532","targetHints":{"allow":["GET"]}}],"collection":[{"href":"https:\/\/www.itsa.es\/it\/wp-json\/wp\/v2\/pages"}],"about":[{"href":"https:\/\/www.itsa.es\/it\/wp-json\/wp\/v2\/types\/page"}],"author":[{"embeddable":true,"href":"https:\/\/www.itsa.es\/it\/wp-json\/wp\/v2\/users\/1"}],"replies":[{"embeddable":true,"href":"https:\/\/www.itsa.es\/it\/wp-json\/wp\/v2\/comments?post=532"}],"version-history":[{"count":4,"href":"https:\/\/www.itsa.es\/it\/wp-json\/wp\/v2\/pages\/532\/revisions"}],"predecessor-version":[{"id":3661,"href":"https:\/\/www.itsa.es\/it\/wp-json\/wp\/v2\/pages\/532\/revisions\/3661"}],"up":[{"embeddable":true,"href":"https:\/\/www.itsa.es\/it\/wp-json\/wp\/v2\/pages\/487"}],"wp:attachment":[{"href":"https:\/\/www.itsa.es\/it\/wp-json\/wp\/v2\/media?parent=532"}],"curies":[{"name":"wp","href":"https:\/\/api.w.org\/{rel}","templated":true}]}}