{"id":567,"date":"2016-09-26T09:24:28","date_gmt":"2016-09-26T09:24:28","guid":{"rendered":"http:\/\/www.itsa.es\/it\/?page_id=567"},"modified":"2019-05-10T12:50:22","modified_gmt":"2019-05-10T12:50:22","slug":"obiettivo-visione-valori","status":"publish","type":"page","link":"https:\/\/www.itsa.es\/it\/azienda\/obiettivo-visione-valori\/","title":{"rendered":"Obiettivo, Visione, Valori"},"content":{"rendered":"<h2>L&#8217;eccellenza, l&#8217;etica e l&#8217;integrit\u00e0 in tutte le nostre azioni.<\/h2>\n<a href=\"http:\/\/www.itsa.es\/wp-content\/uploads\/2016\/08\/01_mission_vision_values.jpg\"><img loading=\"lazy\" decoding=\"async\" class=\"alignnone wp-image-360 size-medium\" src=\"http:\/\/www.itsa.es\/wp-content\/uploads\/2016\/08\/01_mission_vision_values-780x520.jpg\" width=\"780\" height=\"520\" srcset=\"https:\/\/www.itsa.es\/wp-content\/uploads\/2016\/08\/01_mission_vision_values-780x520.jpg 780w, https:\/\/www.itsa.es\/wp-content\/uploads\/2016\/08\/01_mission_vision_values-768x512.jpg 768w, https:\/\/www.itsa.es\/wp-content\/uploads\/2016\/08\/01_mission_vision_values-915x610.jpg 915w\" sizes=\"auto, (max-width: 780px) 100vw, 780px\" \/><\/a>\n<p>Incoraggiamo un ambiente in cui tutte le idee sono importanti e tutte le persone le possono sviluppare per raggiungere i loro obiettivi, perch\u00e9 sono la nostra risorsa principale.<\/p>\n<h3>Obiettivo<\/h3>\n<ul>\n<li>\u201cPassion for Plastics\u201d. Offrire soluzioni di progettazione, produzione e commercializzazione di prodotti termoplastici e termoindurenti per l&#8217;industria automobilistica , ferroviaria, aeronautica e di segnalazione.<\/li>\n<\/ul>\n<h3>Visione<\/h3>\n<ul>\n<li>Mantenere la leadership in Europa nel settore dei frontali After-Market<\/li>\n<li>Collaborare con i principali produttori ferroviari europei<\/li>\n<li>Fornire alternative tecnologiche con tassi di produzione pi\u00f9 elevati e costi inferiori agli attuali prodotti per interni aeronautici<\/li>\n<li>Migliorare la redditivit\u00e0 e la competitivit\u00e0 della societ\u00e0<\/li>\n<\/ul>\n<h3>Valori<\/h3>\n<ul>\n<li>Pro- attivi, flessibili ed empatici con Orientamento al Servizio per il Cliente<\/li>\n<li>Integrit\u00e0, con valori e principi etici nelle nostre azioni<\/li>\n<li>Sensibilizzati alla tutela dell&#8217;ambiente e sostenibilit\u00e0<\/li>\n<li>Dinamici e intraprendenti nel raggiungere l\u2019eccellenza<\/li>\n<li>Compromessi all\u2019organizzazione, lavorando nel lavoro di squadra<\/li>\n<\/ul>\n","protected":false},"excerpt":{"rendered":"<p>L&#8217;eccellenza, l&#8217;etica e l&#8217;integrit\u00e0 in tutte le nostre azioni. Incoraggiamo un ambiente in cui tutte le idee sono importanti e tutte le persone le possono sviluppare per raggiungere i loro obiettivi, perch\u00e9 sono la nostra risorsa principale. Obiettivo \u201cPassion for Plastics\u201d. Offrire soluzioni di progettazione, produzione e commercializzazione di prodotti termoplastici e termoindurenti per l&#8217;industria&#8230;  <a class=\"excerpt-read-more\" href=\"https:\/\/www.itsa.es\/it\/azienda\/obiettivo-visione-valori\/\" title=\"Read Obiettivo, Visione, Valori\">Leggi tutto &raquo;<\/a><\/p>\n","protected":false},"author":1,"featured_media":0,"parent":481,"menu_order":110,"comment_status":"closed","ping_status":"closed","template":"page-company.php","meta":{"_monsterinsights_skip_tracking":false,"_monsterinsights_sitenote_active":false,"_monsterinsights_sitenote_note":"","_monsterinsights_sitenote_category":0,"footnotes":""},"class_list":["post-567","page","type-page","status-publish","hentry"],"_links":{"self":[{"href":"https:\/\/www.itsa.es\/it\/wp-json\/wp\/v2\/pages\/567","targetHints":{"allow":["GET"]}}],"collection":[{"href":"https:\/\/www.itsa.es\/it\/wp-json\/wp\/v2\/pages"}],"about":[{"href":"https:\/\/www.itsa.es\/it\/wp-json\/wp\/v2\/types\/page"}],"author":[{"embeddable":true,"href":"https:\/\/www.itsa.es\/it\/wp-json\/wp\/v2\/users\/1"}],"replies":[{"embeddable":true,"href":"https:\/\/www.itsa.es\/it\/wp-json\/wp\/v2\/comments?post=567"}],"version-history":[{"count":4,"href":"https:\/\/www.itsa.es\/it\/wp-json\/wp\/v2\/pages\/567\/revisions"}],"predecessor-version":[{"id":3484,"href":"https:\/\/www.itsa.es\/it\/wp-json\/wp\/v2\/pages\/567\/revisions\/3484"}],"up":[{"embeddable":true,"href":"https:\/\/www.itsa.es\/it\/wp-json\/wp\/v2\/pages\/481"}],"wp:attachment":[{"href":"https:\/\/www.itsa.es\/it\/wp-json\/wp\/v2\/media?parent=567"}],"curies":[{"name":"wp","href":"https:\/\/api.w.org\/{rel}","templated":true}]}}